{"id":1131,"date":"2019-05-27T16:14:57","date_gmt":"2019-05-27T14:14:57","guid":{"rendered":"http:\/\/lebouterollier.com\/?page_id=1131"},"modified":"2019-11-17T17:53:10","modified_gmt":"2019-11-17T16:53:10","slug":"partenaires","status":"publish","type":"page","link":"https:\/\/lebouterollier.com\/index.php\/partenaires\/","title":{"rendered":"Partenaires"},"content":{"rendered":"<div class=\"fusion-fullwidth fullwidth-box fusion-builder-row-1 nonhundred-percent-fullwidth non-hundred-percent-height-scrolling\" style=\"background-color: #1e2123;background-position: left top;background-repeat: no-repeat;padding-top:150px;padding-right:0px;padding-bottom:150px;padding-left:0px;margin-bottom: 0px;margin-top: 0px;border-width: 0px 0px 0px 0px;border-color:#25292b;border-style:solid;\" ><div class=\"fusion-builder-row fusion-row\"><div class=\"fusion-layout-column fusion_builder_column fusion-builder-column-0 fusion_builder_column_1_1 1_1 fusion-one-full fusion-column-first fusion-column-last fusion-column-no-min-height\" style=\"margin-top:0px;margin-bottom:0px;\"><div class=\"fusion-column-wrapper fusion-flex-column-wrapper-legacy\" style=\"background-position:left top;background-repeat:no-repeat;-webkit-background-size:cover;-moz-background-size:cover;-o-background-size:cover;background-size:cover;padding: 0px 0px 0px 0px;\"><div class=\"fusion-text fusion-text-1\"><h2 style=\"text-align: center;\">NOS PARTENAIRES<\/h2>\n<\/div><div class=\"fusion-clearfix\"><\/div><\/div><\/div><div class=\"fusion-layout-column fusion_builder_column fusion-builder-column-1 fusion_builder_column_1_3 1_3 fusion-one-third fusion-column-first\" style=\"width:30.6666%; margin-right: 4%;margin-top:0px;margin-bottom:20px;\"><div class=\"fusion-column-wrapper fusion-flex-column-wrapper-legacy\" style=\"background-position:left top;background-repeat:no-repeat;-webkit-background-size:cover;-moz-background-size:cover;-o-background-size:cover;background-size:cover;background-color:#ffffff;padding: 0px 0px 0px 0px;\"><div class=\"fusion-person person fusion-person-left fusion-person-1 fusion-person-icon-bottom\"><style>.fusion-person-1 .imageframe-liftup:before{-webkit-border-radius:0px;-moz-border-radius:0px;border-radius:0px;<\/style><div class=\"person-shortcode-image-wrapper imageframe-liftup\"><div class=\"person-image-container\" style=\"border:0px solid rgba(255,255,255,0);-webkit-border-radius:0px;-moz-border-radius:0px;border-radius:0px;\"><a href=\"http:\/\/www.annelaureperrone.com\/book\/\" target=\"_self\"><img class=\"person-img img-responsive wp-image-1090\" width=\"181\" height=\"132\" src=\"http:\/\/lebouterollier.com\/wp-content\/uploads\/2019\/05\/cropped-alp-1.png\" alt=\"ALP\" \/><\/a><\/div><\/div><div class=\"person-desc\" style=\"background-color:#000000;padding:40px;margin-top:0;\"><div class=\"person-author\"><div class=\"person-author-wrapper\"><span class=\"person-name\">ALP<\/span><span class=\"person-title\"><\/span><\/div><\/div><div class=\"person-content fusion-clearfix\">Design grapique<\/div><\/div><\/div><div class=\"fusion-clearfix\"><\/div><\/div><\/div><div class=\"fusion-layout-column fusion_builder_column fusion-builder-column-2 fusion_builder_column_1_3 1_3 fusion-one-third\" style=\"width:30.6666%; margin-right: 4%;margin-top:0px;margin-bottom:20px;\"><div class=\"fusion-column-wrapper fusion-flex-column-wrapper-legacy\" style=\"background-position:left top;background-repeat:no-repeat;-webkit-background-size:cover;-moz-background-size:cover;-o-background-size:cover;background-size:cover;padding: 0px 0px 0px 0px;\"><div class=\"fusion-person person fusion-person-left fusion-person-2 fusion-person-icon-bottom\"><style>.fusion-person-2 .imageframe-liftup:before{-webkit-border-radius:0px;-moz-border-radius:0px;border-radius:0px;<\/style><div class=\"person-shortcode-image-wrapper imageframe-liftup\"><div class=\"person-image-container\" style=\"border:0px solid rgba(255,255,255,0);-webkit-border-radius:0px;-moz-border-radius:0px;border-radius:0px;\"><a href=\"https:\/\/www.ndk-motorcycle.com\/\" target=\"_self\"><img class=\"person-img img-responsive wp-image-1012\" width=\"327\" height=\"327\" src=\"http:\/\/lebouterollier.com\/wp-content\/uploads\/2019\/04\/starofservice_28780logondkmotorcycle.jpg\" alt=\"NDK Motorcylces\" srcset=\"https:\/\/lebouterollier.com\/wp-content\/uploads\/2019\/04\/starofservice_28780logondkmotorcycle-200x200.jpg 200w, https:\/\/lebouterollier.com\/wp-content\/uploads\/2019\/04\/starofservice_28780logondkmotorcycle.jpg 327w\" sizes=\"(max-width: 800px) 100vw, 327px\" \/><\/a><\/div><\/div><div class=\"person-desc\" style=\"background-color:#25292b;padding:40px;margin-top:0;\"><div class=\"person-author\"><div class=\"person-author-wrapper\"><span class=\"person-name\">NDK Motorcylces<\/span><span class=\"person-title\"><\/span><\/div><\/div><div class=\"person-content fusion-clearfix\">R\u00e9paration \/ Entretien \/ M\u00e9canique moto<\/div><\/div><\/div><div class=\"fusion-clearfix\"><\/div><\/div><\/div><div class=\"fusion-layout-column fusion_builder_column fusion-builder-column-3 fusion_builder_column_1_3 1_3 fusion-one-third fusion-column-last\" style=\"width:30.6666%;margin-top:0px;margin-bottom:20px;\"><div class=\"fusion-column-wrapper fusion-flex-column-wrapper-legacy\" style=\"background-position:left top;background-repeat:no-repeat;-webkit-background-size:cover;-moz-background-size:cover;-o-background-size:cover;background-size:cover;padding: 0px 0px 0px 0px;\"><div class=\"fusion-person person fusion-person-left fusion-person-3 fusion-person-icon-bottom\"><style>.fusion-person-3 .imageframe-liftup:before{-webkit-border-radius:0px;-moz-border-radius:0px;border-radius:0px;<\/style><div class=\"person-shortcode-image-wrapper imageframe-liftup\"><div class=\"person-image-container\" style=\"border:0px solid rgba(255,255,255,0);-webkit-border-radius:0px;-moz-border-radius:0px;border-radius:0px;\"><a href=\"https:\/\/www.mrcambouis.com\/\" target=\"_self\"><img class=\"person-img img-responsive wp-image-1011\" width=\"225\" height=\"225\" src=\"http:\/\/lebouterollier.com\/wp-content\/uploads\/2019\/04\/Mr-Cambouis.png\" alt=\"Mr.Cambouis\" srcset=\"https:\/\/lebouterollier.com\/wp-content\/uploads\/2019\/04\/Mr-Cambouis-200x200.png 200w, https:\/\/lebouterollier.com\/wp-content\/uploads\/2019\/04\/Mr-Cambouis.png 225w\" sizes=\"(max-width: 800px) 100vw, 225px\" \/><\/a><\/div><\/div><div class=\"person-desc\" style=\"background-color:#25292b;padding:40px;margin-top:0;\"><div class=\"person-author\"><div class=\"person-author-wrapper\"><span class=\"person-name\">Mr.Cambouis<\/span><span class=\"person-title\"><\/span><\/div><\/div><div class=\"person-content fusion-clearfix\">Atelier de r\u00e9novation, personnalisation et customisation de motos vintage, classiques ou n\u00e9o r\u00e9tro<\/div><\/div><\/div><div class=\"fusion-clearfix\"><\/div><\/div><\/div><div class=\"fusion-layout-column fusion_builder_column fusion-builder-column-4 fusion_builder_column_1_3 1_3 fusion-one-third fusion-column-first\" style=\"width:30.6666%; margin-right: 4%;margin-top:0px;margin-bottom:20px;\"><div class=\"fusion-column-wrapper fusion-flex-column-wrapper-legacy\" style=\"background-position:left top;background-repeat:no-repeat;-webkit-background-size:cover;-moz-background-size:cover;-o-background-size:cover;background-size:cover;padding: 0px 0px 0px 0px;\"><div class=\"fusion-person person fusion-person-left fusion-person-4 fusion-person-icon-bottom\"><style>.fusion-person-4 .imageframe-liftup:before{-webkit-border-radius:0px;-moz-border-radius:0px;border-radius:0px;<\/style><div class=\"person-shortcode-image-wrapper imageframe-liftup\"><div class=\"person-image-container\" style=\"border:0px solid rgba(255,255,255,0);-webkit-border-radius:0px;-moz-border-radius:0px;border-radius:0px;\"><a href=\"https:\/\/jfrancoislafleur.wixsite.com\/jfusinageservices\" target=\"_self\"><img class=\"person-img img-responsive wp-image-1010\" width=\"549\" height=\"541\" src=\"http:\/\/lebouterollier.com\/wp-content\/uploads\/2019\/04\/culasse320blanc.png\" alt=\"JF Usinage Services\" srcset=\"https:\/\/lebouterollier.com\/wp-content\/uploads\/2019\/04\/culasse320blanc-200x197.png 200w, https:\/\/lebouterollier.com\/wp-content\/uploads\/2019\/04\/culasse320blanc-400x394.png 400w, https:\/\/lebouterollier.com\/wp-content\/uploads\/2019\/04\/culasse320blanc.png 549w\" sizes=\"(max-width: 800px) 100vw, 400px\" \/><\/a><\/div><\/div><div class=\"person-desc\" style=\"background-color:#25292b;padding:40px;margin-top:0;\"><div class=\"person-author\"><div class=\"person-author-wrapper\"><span class=\"person-name\">JF Usinage Services<\/span><span class=\"person-title\"><\/span><\/div><\/div><div class=\"person-content fusion-clearfix\">Tournage, Usinage, Surfa\u00e7age et refabrication de pi\u00e8ces moto <\/div><\/div><\/div><div class=\"fusion-clearfix\"><\/div><\/div><\/div><div class=\"fusion-layout-column fusion_builder_column fusion-builder-column-5 fusion_builder_column_1_3 1_3 fusion-one-third\" style=\"width:30.6666%; margin-right: 4%;margin-top:0px;margin-bottom:20px;\"><div class=\"fusion-column-wrapper fusion-flex-column-wrapper-legacy\" style=\"background-position:left top;background-repeat:no-repeat;-webkit-background-size:cover;-moz-background-size:cover;-o-background-size:cover;background-size:cover;padding: 0px 0px 0px 0px;\"><div class=\"fusion-person person fusion-person-left fusion-person-5 fusion-person-icon-bottom\"><style>.fusion-person-5 .imageframe-liftup:before{-webkit-border-radius:0px;-moz-border-radius:0px;border-radius:0px;<\/style><div class=\"person-shortcode-image-wrapper imageframe-liftup\"><div class=\"person-image-container\" style=\"border:0px solid rgba(255,255,255,0);-webkit-border-radius:0px;-moz-border-radius:0px;border-radius:0px;\"><a href=\"http:\/\/www.afmcm.com\/\" target=\"_self\"><img class=\"person-img img-responsive wp-image-1013\" width=\"246\" height=\"121\" src=\"http:\/\/lebouterollier.com\/wp-content\/uploads\/2019\/04\/AFMCM.png\" alt=\"AFMCM\" srcset=\"https:\/\/lebouterollier.com\/wp-content\/uploads\/2019\/04\/AFMCM-200x98.png 200w, https:\/\/lebouterollier.com\/wp-content\/uploads\/2019\/04\/AFMCM.png 246w\" sizes=\"(max-width: 800px) 100vw, 246px\" \/><\/a><\/div><\/div><div class=\"person-desc\" style=\"background-color:#25292b;padding:40px;margin-top:0;\"><div class=\"person-author\"><div class=\"person-author-wrapper\"><span class=\"person-name\">AFMCM<\/span><span class=\"person-title\"><\/span><\/div><\/div><div class=\"person-content fusion-clearfix\">Ecole de formation en M\u00e9canique moto<\/div><\/div><\/div><div class=\"fusion-clearfix\"><\/div><\/div><\/div><div class=\"fusion-layout-column fusion_builder_column fusion-builder-column-6 fusion_builder_column_1_3 1_3 fusion-one-third fusion-column-last\" style=\"width:30.6666%;margin-top:0px;margin-bottom:20px;\"><div class=\"fusion-column-wrapper fusion-flex-column-wrapper-legacy\" style=\"background-position:left top;background-repeat:no-repeat;-webkit-background-size:cover;-moz-background-size:cover;-o-background-size:cover;background-size:cover;padding: 0px 0px 0px 0px;\"><div class=\"fusion-person person fusion-person-left fusion-person-6 fusion-person-icon-bottom\"><style>.fusion-person-6 .imageframe-liftup:before{-webkit-border-radius:0px;-moz-border-radius:0px;border-radius:0px;<\/style><div class=\"person-shortcode-image-wrapper imageframe-liftup\"><div class=\"person-image-container\" style=\"border:0px solid rgba(255,255,255,0);-webkit-border-radius:0px;-moz-border-radius:0px;border-radius:0px;\"><a href=\"http:\/\/www.legendes-motorcycle.com\/\" target=\"_self\"><img class=\"person-img img-responsive wp-image-1015\" width=\"180\" height=\"180\" src=\"http:\/\/lebouterollier.com\/wp-content\/uploads\/2019\/04\/L\u00e9gendes.png\" alt=\"L\u00e9gendes Motorcycle\" \/><\/a><\/div><\/div><div class=\"person-desc\" style=\"background-color:#25292b;padding:40px;margin-top:0;\"><div class=\"person-author\"><div class=\"person-author-wrapper\"><span class=\"person-name\">L\u00e9gendes Motorcycle<\/span><span class=\"person-title\"><\/span><\/div><\/div><div class=\"person-content fusion-clearfix\">Atelier sp\u00e9cialiste BMW<\/div><\/div><\/div><div class=\"fusion-clearfix\"><\/div><\/div><\/div><div class=\"fusion-layout-column fusion_builder_column fusion-builder-column-7 fusion_builder_column_1_3 1_3 fusion-one-third fusion-column-first\" style=\"width:30.6666%; margin-right: 4%;margin-top:0px;margin-bottom:20px;\"><div class=\"fusion-column-wrapper fusion-flex-column-wrapper-legacy\" style=\"background-position:left top;background-repeat:no-repeat;-webkit-background-size:cover;-moz-background-size:cover;-o-background-size:cover;background-size:cover;padding: 0px 0px 0px 0px;\"><div class=\"fusion-person person fusion-person-left fusion-person-7 fusion-person-icon-bottom\"><style>.fusion-person-7 .imageframe-liftup:before{-webkit-border-radius:0px;-moz-border-radius:0px;border-radius:0px;<\/style><div class=\"person-shortcode-image-wrapper imageframe-liftup\"><div class=\"person-image-container\" style=\"border:0px solid rgba(255,255,255,0);-webkit-border-radius:0px;-moz-border-radius:0px;border-radius:0px;\"><a href=\"http:\/\/www.rc3d.fr\/\" target=\"_self\"><img class=\"person-img img-responsive wp-image-1014\" width=\"400\" height=\"75\" src=\"http:\/\/lebouterollier.com\/wp-content\/uploads\/2019\/04\/RC3D.jpg\" alt=\"RC3D\" srcset=\"https:\/\/lebouterollier.com\/wp-content\/uploads\/2019\/04\/RC3D-200x38.jpg 200w, https:\/\/lebouterollier.com\/wp-content\/uploads\/2019\/04\/RC3D.jpg 400w\" sizes=\"(max-width: 800px) 100vw, 400px\" \/><\/a><\/div><\/div><div class=\"person-desc\" style=\"background-color:#25292b;padding:40px;margin-top:0;\"><div class=\"person-author\"><div class=\"person-author-wrapper\"><span class=\"person-name\">RC3D<\/span><span class=\"person-title\"><\/span><\/div><\/div><div class=\"person-content fusion-clearfix\">R\u00e9paration et redressage de cadres, jantes, fourches<\/div><\/div><\/div><div class=\"fusion-clearfix\"><\/div><\/div><\/div><div class=\"fusion-layout-column fusion_builder_column fusion-builder-column-8 fusion_builder_column_1_3 1_3 fusion-one-third\" style=\"width:30.6666%; margin-right: 4%;margin-top:0px;margin-bottom:20px;\"><div class=\"fusion-column-wrapper fusion-flex-column-wrapper-legacy\" style=\"background-position:left top;background-repeat:no-repeat;-webkit-background-size:cover;-moz-background-size:cover;-o-background-size:cover;background-size:cover;padding: 0px 0px 0px 0px;\"><div class=\"fusion-person person fusion-person-left fusion-person-8 fusion-person-icon-bottom\"><style>.fusion-person-8 .imageframe-liftup:before{-webkit-border-radius:0px;-moz-border-radius:0px;border-radius:0px;<\/style><div class=\"person-shortcode-image-wrapper imageframe-liftup\"><div class=\"person-image-container\" style=\"border:0px solid rgba(255,255,255,0);-webkit-border-radius:0px;-moz-border-radius:0px;border-radius:0px;\"><a href=\"https:\/\/www.facebook.com\/sothaithphotography\/\" target=\"_self\"><img class=\"person-img img-responsive wp-image-1404\" width=\"244\" height=\"237\" src=\"http:\/\/lebouterollier.com\/wp-content\/uploads\/2019\/11\/Sotha.jpg\" alt=\"Sotha Ith Photography\" srcset=\"https:\/\/lebouterollier.com\/wp-content\/uploads\/2019\/11\/Sotha-200x194.jpg 200w, https:\/\/lebouterollier.com\/wp-content\/uploads\/2019\/11\/Sotha.jpg 244w\" sizes=\"(max-width: 800px) 100vw, 244px\" \/><\/a><\/div><\/div><div class=\"person-desc\" style=\"background-color:#25292b;padding:40px;margin-top:0;\"><div class=\"person-author\"><div class=\"person-author-wrapper\"><span class=\"person-name\">Sotha Ith Photography<\/span><span class=\"person-title\"><\/span><\/div><\/div><div class=\"person-content fusion-clearfix\">Photographe professionnel<\/div><\/div><\/div><div class=\"fusion-clearfix\"><\/div><\/div><\/div><div class=\"fusion-layout-column fusion_builder_column fusion-builder-column-9 fusion_builder_column_1_3 1_3 fusion-one-third fusion-column-last\" style=\"width:30.6666%;margin-top:0px;margin-bottom:20px;\"><div class=\"fusion-column-wrapper fusion-flex-column-wrapper-legacy\" style=\"background-position:left top;background-repeat:no-repeat;-webkit-background-size:cover;-moz-background-size:cover;-o-background-size:cover;background-size:cover;padding: 0px 0px 0px 0px;\"><div class=\"fusion-person person fusion-person-left fusion-person-9 fusion-person-icon-bottom\"><style>.fusion-person-9 .imageframe-liftup:before{-webkit-border-radius:0px;-moz-border-radius:0px;border-radius:0px;<\/style><div class=\"person-shortcode-image-wrapper imageframe-liftup\"><div class=\"person-image-container\" style=\"border:0px solid rgba(255,255,255,0);-webkit-border-radius:0px;-moz-border-radius:0px;border-radius:0px;\"><a href=\"https:\/\/www.facebook.com\/pages\/category\/Automotive--Aircraft---Boat\/Fred-Peinture-Moto-293518744539520\/\" target=\"_self\"><img class=\"person-img img-responsive wp-image-1403\" width=\"235\" height=\"236\" src=\"http:\/\/lebouterollier.com\/wp-content\/uploads\/2019\/11\/Fred.jpg\" alt=\"Fred Peinture Motos\" srcset=\"https:\/\/lebouterollier.com\/wp-content\/uploads\/2019\/11\/Fred-200x201.jpg 200w, https:\/\/lebouterollier.com\/wp-content\/uploads\/2019\/11\/Fred.jpg 235w\" sizes=\"(max-width: 800px) 100vw, 235px\" \/><\/a><\/div><\/div><div class=\"person-desc\" style=\"background-color:#25292b;padding:40px;margin-top:0;\"><div class=\"person-author\"><div class=\"person-author-wrapper\"><span class=\"person-name\">Fred Peinture Motos<\/span><span class=\"person-title\"><\/span><\/div><\/div><div class=\"person-content fusion-clearfix\">Peintre motos<\/div><\/div><\/div><div class=\"fusion-clearfix\"><\/div><\/div><\/div><\/div><\/div>\n","protected":false},"excerpt":{"rendered":"","protected":false},"author":1,"featured_media":0,"parent":0,"menu_order":0,"comment_status":"open","ping_status":"open","template":"100-width.php","meta":[],"yoast_head":"<!-- This site is optimized with the Yoast SEO plugin v19.4 - https:\/\/yoast.com\/wordpress\/plugins\/seo\/ -->\n<title>Partenaires - %<\/title>\n<meta name=\"robots\" content=\"index, follow, max-snippet:-1, max-image-preview:large, max-video-preview:-1\" \/>\n<link rel=\"canonical\" href=\"https:\/\/lebouterollier.com\/index.php\/partenaires\/\" \/>\n<meta property=\"og:locale\" content=\"fr_FR\" \/>\n<meta property=\"og:type\" content=\"article\" \/>\n<meta property=\"og:title\" content=\"Partenaires - %\" \/>\n<meta property=\"og:url\" content=\"https:\/\/lebouterollier.com\/index.php\/partenaires\/\" \/>\n<meta property=\"og:site_name\" content=\"Atelier de r\u00e9novation et de pr\u00e9paration motos\" \/>\n<meta property=\"article:publisher\" content=\"https:\/\/www.facebook.com\/lebouterollier\/\" \/>\n<meta property=\"article:modified_time\" content=\"2019-11-17T16:53:10+00:00\" \/>\n<meta name=\"twitter:card\" content=\"summary_large_image\" \/>\n<meta name=\"twitter:label1\" content=\"Dur\u00e9e de lecture estim\u00e9e\" \/>\n\t<meta name=\"twitter:data1\" content=\"10 minutes\" \/>\n<script type=\"application\/ld+json\" class=\"yoast-schema-graph\">{\"@context\":\"https:\/\/schema.org\",\"@graph\":[{\"@type\":\"Organization\",\"@id\":\"https:\/\/lebouterollier.com\/#organization\",\"name\":\"LE BOUTEROLLIER\",\"url\":\"https:\/\/lebouterollier.com\/\",\"sameAs\":[\"https:\/\/www.instagram.com\/lebouterollier\/\",\"https:\/\/www.facebook.com\/lebouterollier\/\"],\"logo\":{\"@type\":\"ImageObject\",\"inLanguage\":\"fr-FR\",\"@id\":\"https:\/\/lebouterollier.com\/#\/schema\/logo\/image\/\",\"url\":\"http:\/\/lebouterollier.com\/wp-content\/uploads\/2019\/03\/bouterollier_logo.jpg\",\"contentUrl\":\"http:\/\/lebouterollier.com\/wp-content\/uploads\/2019\/03\/bouterollier_logo.jpg\",\"width\":1181,\"height\":1181,\"caption\":\"LE BOUTEROLLIER\"},\"image\":{\"@id\":\"https:\/\/lebouterollier.com\/#\/schema\/logo\/image\/\"}},{\"@type\":\"WebSite\",\"@id\":\"https:\/\/lebouterollier.com\/#website\",\"url\":\"https:\/\/lebouterollier.com\/\",\"name\":\"Atelier de r\u00e9novation et de pr\u00e9paration motos\",\"description\":\"Atelier de r\u00e9novation et de pr\u00e9paration motos\",\"publisher\":{\"@id\":\"https:\/\/lebouterollier.com\/#organization\"},\"potentialAction\":[{\"@type\":\"SearchAction\",\"target\":{\"@type\":\"EntryPoint\",\"urlTemplate\":\"https:\/\/lebouterollier.com\/?s={search_term_string}\"},\"query-input\":\"required name=search_term_string\"}],\"inLanguage\":\"fr-FR\"},{\"@type\":\"WebPage\",\"@id\":\"https:\/\/lebouterollier.com\/index.php\/partenaires\/\",\"url\":\"https:\/\/lebouterollier.com\/index.php\/partenaires\/\",\"name\":\"Partenaires - %\",\"isPartOf\":{\"@id\":\"https:\/\/lebouterollier.com\/#website\"},\"datePublished\":\"2019-05-27T14:14:57+00:00\",\"dateModified\":\"2019-11-17T16:53:10+00:00\",\"breadcrumb\":{\"@id\":\"https:\/\/lebouterollier.com\/index.php\/partenaires\/#breadcrumb\"},\"inLanguage\":\"fr-FR\",\"potentialAction\":[{\"@type\":\"ReadAction\",\"target\":[\"https:\/\/lebouterollier.com\/index.php\/partenaires\/\"]}]},{\"@type\":\"BreadcrumbList\",\"@id\":\"https:\/\/lebouterollier.com\/index.php\/partenaires\/#breadcrumb\",\"itemListElement\":[{\"@type\":\"ListItem\",\"position\":1,\"name\":\"Accueil\",\"item\":\"https:\/\/lebouterollier.com\/\"},{\"@type\":\"ListItem\",\"position\":2,\"name\":\"Partenaires\"}]}]}<\/script>\n<!-- \/ Yoast SEO plugin. -->","yoast_head_json":{"title":"Partenaires - %","robots":{"index":"index","follow":"follow","max-snippet":"max-snippet:-1","max-image-preview":"max-image-preview:large","max-video-preview":"max-video-preview:-1"},"canonical":"https:\/\/lebouterollier.com\/index.php\/partenaires\/","og_locale":"fr_FR","og_type":"article","og_title":"Partenaires - %","og_url":"https:\/\/lebouterollier.com\/index.php\/partenaires\/","og_site_name":"Atelier de r\u00e9novation et de pr\u00e9paration motos","article_publisher":"https:\/\/www.facebook.com\/lebouterollier\/","article_modified_time":"2019-11-17T16:53:10+00:00","twitter_card":"summary_large_image","twitter_misc":{"Dur\u00e9e de lecture estim\u00e9e":"10 minutes"},"schema":{"@context":"https:\/\/schema.org","@graph":[{"@type":"Organization","@id":"https:\/\/lebouterollier.com\/#organization","name":"LE BOUTEROLLIER","url":"https:\/\/lebouterollier.com\/","sameAs":["https:\/\/www.instagram.com\/lebouterollier\/","https:\/\/www.facebook.com\/lebouterollier\/"],"logo":{"@type":"ImageObject","inLanguage":"fr-FR","@id":"https:\/\/lebouterollier.com\/#\/schema\/logo\/image\/","url":"http:\/\/lebouterollier.com\/wp-content\/uploads\/2019\/03\/bouterollier_logo.jpg","contentUrl":"http:\/\/lebouterollier.com\/wp-content\/uploads\/2019\/03\/bouterollier_logo.jpg","width":1181,"height":1181,"caption":"LE BOUTEROLLIER"},"image":{"@id":"https:\/\/lebouterollier.com\/#\/schema\/logo\/image\/"}},{"@type":"WebSite","@id":"https:\/\/lebouterollier.com\/#website","url":"https:\/\/lebouterollier.com\/","name":"Atelier de r\u00e9novation et de pr\u00e9paration motos","description":"Atelier de r\u00e9novation et de pr\u00e9paration motos","publisher":{"@id":"https:\/\/lebouterollier.com\/#organization"},"potentialAction":[{"@type":"SearchAction","target":{"@type":"EntryPoint","urlTemplate":"https:\/\/lebouterollier.com\/?s={search_term_string}"},"query-input":"required name=search_term_string"}],"inLanguage":"fr-FR"},{"@type":"WebPage","@id":"https:\/\/lebouterollier.com\/index.php\/partenaires\/","url":"https:\/\/lebouterollier.com\/index.php\/partenaires\/","name":"Partenaires - %","isPartOf":{"@id":"https:\/\/lebouterollier.com\/#website"},"datePublished":"2019-05-27T14:14:57+00:00","dateModified":"2019-11-17T16:53:10+00:00","breadcrumb":{"@id":"https:\/\/lebouterollier.com\/index.php\/partenaires\/#breadcrumb"},"inLanguage":"fr-FR","potentialAction":[{"@type":"ReadAction","target":["https:\/\/lebouterollier.com\/index.php\/partenaires\/"]}]},{"@type":"BreadcrumbList","@id":"https:\/\/lebouterollier.com\/index.php\/partenaires\/#breadcrumb","itemListElement":[{"@type":"ListItem","position":1,"name":"Accueil","item":"https:\/\/lebouterollier.com\/"},{"@type":"ListItem","position":2,"name":"Partenaires"}]}]}},"_links":{"self":[{"href":"https:\/\/lebouterollier.com\/index.php\/wp-json\/wp\/v2\/pages\/1131"}],"collection":[{"href":"https:\/\/lebouterollier.com\/index.php\/wp-json\/wp\/v2\/pages"}],"about":[{"href":"https:\/\/lebouterollier.com\/index.php\/wp-json\/wp\/v2\/types\/page"}],"author":[{"embeddable":true,"href":"https:\/\/lebouterollier.com\/index.php\/wp-json\/wp\/v2\/users\/1"}],"replies":[{"embeddable":true,"href":"https:\/\/lebouterollier.com\/index.php\/wp-json\/wp\/v2\/comments?post=1131"}],"version-history":[{"count":11,"href":"https:\/\/lebouterollier.com\/index.php\/wp-json\/wp\/v2\/pages\/1131\/revisions"}],"predecessor-version":[{"id":1405,"href":"https:\/\/lebouterollier.com\/index.php\/wp-json\/wp\/v2\/pages\/1131\/revisions\/1405"}],"wp:attachment":[{"href":"https:\/\/lebouterollier.com\/index.php\/wp-json\/wp\/v2\/media?parent=1131"}],"curies":[{"name":"wp","href":"https:\/\/api.w.org\/{rel}","templated":true}]}}