{"id":1148,"date":"2019-05-27T17:14:39","date_gmt":"2019-05-27T15:14:39","guid":{"rendered":"http:\/\/lebouterollier.com\/?page_id=1148"},"modified":"2025-05-02T09:53:21","modified_gmt":"2025-05-02T07:53:21","slug":"contact","status":"publish","type":"page","link":"https:\/\/lebouterollier.com\/index.php\/contact\/","title":{"rendered":"Contact"},"content":{"rendered":"<div class=\"fusion-fullwidth fullwidth-box fusion-builder-row-1 nonhundred-percent-fullwidth non-hundred-percent-height-scrolling\" style=\"background-color: #25292b;background-position: left top;background-repeat: no-repeat;padding-top:100px;padding-right:0px;padding-bottom:30px;padding-left:0px;margin-bottom: 0px;margin-top: 0px;border-width: 0px 0px 0px 0px;border-color:#25292b;border-style:solid;\" ><div class=\"fusion-builder-row fusion-row\"><div class=\"fusion-layout-column fusion_builder_column fusion-builder-column-0 fusion_builder_column_1_1 1_1 fusion-one-full fusion-column-first fusion-column-last fusion-column-no-min-height\" style=\"margin-top:0px;margin-bottom:0px;\"><div class=\"fusion-column-wrapper fusion-flex-column-wrapper-legacy\" style=\"background-position:left top;background-repeat:no-repeat;-webkit-background-size:cover;-moz-background-size:cover;-o-background-size:cover;background-size:cover;padding: 0px 0px 0px 0px;\"><div class=\"imageframe-align-center\"><span class=\" fusion-imageframe imageframe-none imageframe-1 hover-type-none\" style=\"width:100%;max-width:200px;\"><img width=\"600\" height=\"600\" title=\"Le_bouterollier_CMJN\" src=\"http:\/\/lebouterollier.com\/wp-content\/uploads\/2019\/05\/Le_bouterollier_CMJN-600x600.png\" class=\"img-responsive wp-image-1215\"\/><\/span><\/div><div class=\"fusion-sep-clear\"><\/div><div class=\"fusion-separator fusion-full-width-sep\" style=\"margin-left: auto;margin-right: auto;margin-top:35px;width:100%;\"><\/div><div class=\"fusion-sep-clear\"><\/div><div class=\"aligncenter\"><div class=\"fusion-social-links\"><div class=\"fusion-social-networks boxed-icons\"><div class=\"fusion-social-networks-wrapper\"><a class=\"fusion-social-network-icon fusion-tooltip fusion-instagram fusion-icon-instagram\" style=\"color:#e4032c;font-size:16px;width: calc(16px + (2 * (12px)) + 2px);background-color:#1e2123;border-color:#1e2123;border-radius:2px;\" data-placement=\"top\" data-title=\"Instagram\" data-toggle=\"tooltip\" title=\"Instagram\" aria-label=\"instagram\" target=\"_blank\" rel=\"noopener noreferrer\" href=\"https:\/\/www.instagram.com\/lebouterollier\/\"><\/a><a class=\"fusion-social-network-icon fusion-tooltip fusion-facebook fusion-icon-facebook\" style=\"color:#e4032c;font-size:16px;width: calc(16px + (2 * (12px)) + 2px);background-color:#1e2123;border-color:#1e2123;border-radius:2px;\" data-placement=\"top\" data-title=\"Facebook\" data-toggle=\"tooltip\" title=\"Facebook\" aria-label=\"facebook\" target=\"_blank\" rel=\"noopener noreferrer\" href=\"https:\/\/www.facebook.com\/lebouterollier\/\"><\/a><\/div><\/div><\/div><\/div><div class=\"fusion-sep-clear\"><\/div><div class=\"fusion-separator fusion-full-width-sep\" style=\"margin-left: auto;margin-right: auto;margin-top:35px;width:100%;\"><\/div><div class=\"fusion-sep-clear\"><\/div><div class=\"fusion-text fusion-text-1\"><h2 style=\"text-align: center;\">Formulaire de contact<\/h2>\n<\/div><div class=\"fusion-text fusion-text-2\"><h2 style=\"text-align: center;\">Bonjour,<\/h2>\n<h2 style=\"text-align: center;\">Suite \u00e0 des probl\u00e8mes de sant\u00e9, l&rsquo;atelier est ferm\u00e9 et ne prend plus de chantiers. Merci pour votre fid\u00e9lit\u00e9 et votre compr\u00e9hension<\/h2>\n<\/div><div role=\"form\" class=\"wpcf7\" id=\"wpcf7-f5-o1\" lang=\"fr-FR\" dir=\"ltr\">\n<div class=\"screen-reader-response\"><p role=\"status\" aria-live=\"polite\" aria-atomic=\"true\"><\/p> <ul><\/ul><\/div>\n<form action=\"\/index.php\/wp-json\/wp\/v2\/pages\/1148#wpcf7-f5-o1\" method=\"post\" class=\"wpcf7-form init\" novalidate=\"novalidate\" data-status=\"init\">\n<div style=\"display: none;\">\n<input type=\"hidden\" name=\"_wpcf7\" value=\"5\" \/>\n<input type=\"hidden\" name=\"_wpcf7_version\" value=\"5.6.1\" \/>\n<input type=\"hidden\" name=\"_wpcf7_locale\" value=\"fr_FR\" \/>\n<input type=\"hidden\" name=\"_wpcf7_unit_tag\" value=\"wpcf7-f5-o1\" \/>\n<input type=\"hidden\" name=\"_wpcf7_container_post\" value=\"0\" \/>\n<input type=\"hidden\" name=\"_wpcf7_posted_data_hash\" value=\"\" \/>\n<input type=\"hidden\" name=\"_wpcf7_recaptcha_response\" value=\"\" \/>\n<\/div>\n<p><label> Votre nom (obligatoire)<br \/>\n    <span class=\"wpcf7-form-control-wrap\" data-name=\"your-name\"><input type=\"text\" name=\"your-name\" value=\"\" size=\"40\" class=\"wpcf7-form-control wpcf7-text wpcf7-validates-as-required\" aria-required=\"true\" aria-invalid=\"false\" \/><\/span> <\/label><\/p>\n<p><label> Votre adresse de messagerie (obligatoire)<br \/>\n    <span class=\"wpcf7-form-control-wrap\" data-name=\"your-email\"><input type=\"email\" name=\"your-email\" value=\"\" size=\"40\" class=\"wpcf7-form-control wpcf7-text wpcf7-email wpcf7-validates-as-required wpcf7-validates-as-email\" aria-required=\"true\" aria-invalid=\"false\" \/><\/span> <\/label><\/p>\n<p><label> Objet<br \/>\n    <span class=\"wpcf7-form-control-wrap\" data-name=\"your-subject\"><input type=\"text\" name=\"your-subject\" value=\"\" size=\"40\" class=\"wpcf7-form-control wpcf7-text\" aria-invalid=\"false\" \/><\/span> <\/label><\/p>\n<p><label> Votre message<br \/>\n    <span class=\"wpcf7-form-control-wrap\" data-name=\"your-message\"><textarea name=\"your-message\" cols=\"40\" rows=\"10\" class=\"wpcf7-form-control wpcf7-textarea\" aria-invalid=\"false\"><\/textarea><\/span> <\/label><\/p>\n<p><input type=\"submit\" value=\"Envoyer\" class=\"wpcf7-form-control has-spinner wpcf7-submit\" \/><\/p>\n<div class=\"fusion-alert alert custom alert-custom fusion-alert-center wpcf7-response-output fusion-alert-capitalize alert-dismissable\" style=\"border-width:1px;\"><button type=\"button\" class=\"close toggle-alert\" data-dismiss=\"alert\" aria-hidden=\"true\">&times;<\/button><div class=\"fusion-alert-content-wrapper\"><span class=\"fusion-alert-content\"><\/span><\/div><\/div><\/form><\/div><div class=\"fusion-clearfix\"><\/div><\/div><\/div><\/div><\/div>\n","protected":false},"excerpt":{"rendered":"","protected":false},"author":1,"featured_media":0,"parent":0,"menu_order":0,"comment_status":"open","ping_status":"open","template":"100-width.php","meta":[],"yoast_head":"<!-- This site is optimized with the Yoast SEO plugin v19.4 - https:\/\/yoast.com\/wordpress\/plugins\/seo\/ -->\n<title>Contact - Atelier de r\u00e9novation et de pr\u00e9paration motos<\/title>\n<meta name=\"robots\" content=\"index, follow, max-snippet:-1, max-image-preview:large, max-video-preview:-1\" \/>\n<link rel=\"canonical\" href=\"https:\/\/lebouterollier.com\/index.php\/contact\/\" \/>\n<meta property=\"og:locale\" content=\"fr_FR\" \/>\n<meta property=\"og:type\" content=\"article\" \/>\n<meta property=\"og:title\" content=\"Contact - Atelier de r\u00e9novation et de pr\u00e9paration motos\" \/>\n<meta property=\"og:url\" content=\"https:\/\/lebouterollier.com\/index.php\/contact\/\" \/>\n<meta property=\"og:site_name\" content=\"Atelier de r\u00e9novation et de pr\u00e9paration motos\" \/>\n<meta property=\"article:publisher\" content=\"https:\/\/www.facebook.com\/lebouterollier\/\" \/>\n<meta property=\"article:modified_time\" content=\"2025-05-02T07:53:21+00:00\" \/>\n<meta name=\"twitter:card\" content=\"summary_large_image\" \/>\n<meta name=\"twitter:label1\" content=\"Dur\u00e9e de lecture estim\u00e9e\" \/>\n\t<meta name=\"twitter:data1\" content=\"2 minutes\" \/>\n<script type=\"application\/ld+json\" class=\"yoast-schema-graph\">{\"@context\":\"https:\/\/schema.org\",\"@graph\":[{\"@type\":\"Organization\",\"@id\":\"https:\/\/lebouterollier.com\/#organization\",\"name\":\"LE BOUTEROLLIER\",\"url\":\"https:\/\/lebouterollier.com\/\",\"sameAs\":[\"https:\/\/www.instagram.com\/lebouterollier\/\",\"https:\/\/www.facebook.com\/lebouterollier\/\"],\"logo\":{\"@type\":\"ImageObject\",\"inLanguage\":\"fr-FR\",\"@id\":\"https:\/\/lebouterollier.com\/#\/schema\/logo\/image\/\",\"url\":\"http:\/\/lebouterollier.com\/wp-content\/uploads\/2019\/03\/bouterollier_logo.jpg\",\"contentUrl\":\"http:\/\/lebouterollier.com\/wp-content\/uploads\/2019\/03\/bouterollier_logo.jpg\",\"width\":1181,\"height\":1181,\"caption\":\"LE BOUTEROLLIER\"},\"image\":{\"@id\":\"https:\/\/lebouterollier.com\/#\/schema\/logo\/image\/\"}},{\"@type\":\"WebSite\",\"@id\":\"https:\/\/lebouterollier.com\/#website\",\"url\":\"https:\/\/lebouterollier.com\/\",\"name\":\"Atelier de r\u00e9novation et de pr\u00e9paration motos\",\"description\":\"Atelier de r\u00e9novation et de pr\u00e9paration motos\",\"publisher\":{\"@id\":\"https:\/\/lebouterollier.com\/#organization\"},\"potentialAction\":[{\"@type\":\"SearchAction\",\"target\":{\"@type\":\"EntryPoint\",\"urlTemplate\":\"https:\/\/lebouterollier.com\/?s={search_term_string}\"},\"query-input\":\"required name=search_term_string\"}],\"inLanguage\":\"fr-FR\"},{\"@type\":\"WebPage\",\"@id\":\"https:\/\/lebouterollier.com\/index.php\/contact\/\",\"url\":\"https:\/\/lebouterollier.com\/index.php\/contact\/\",\"name\":\"Contact - Atelier de r\u00e9novation et de pr\u00e9paration motos\",\"isPartOf\":{\"@id\":\"https:\/\/lebouterollier.com\/#website\"},\"datePublished\":\"2019-05-27T15:14:39+00:00\",\"dateModified\":\"2025-05-02T07:53:21+00:00\",\"breadcrumb\":{\"@id\":\"https:\/\/lebouterollier.com\/index.php\/contact\/#breadcrumb\"},\"inLanguage\":\"fr-FR\",\"potentialAction\":[{\"@type\":\"ReadAction\",\"target\":[\"https:\/\/lebouterollier.com\/index.php\/contact\/\"]}]},{\"@type\":\"BreadcrumbList\",\"@id\":\"https:\/\/lebouterollier.com\/index.php\/contact\/#breadcrumb\",\"itemListElement\":[{\"@type\":\"ListItem\",\"position\":1,\"name\":\"Accueil\",\"item\":\"https:\/\/lebouterollier.com\/\"},{\"@type\":\"ListItem\",\"position\":2,\"name\":\"Contact\"}]}]}<\/script>\n<!-- \/ Yoast SEO plugin. -->","yoast_head_json":{"title":"Contact - Atelier de r\u00e9novation et de pr\u00e9paration motos","robots":{"index":"index","follow":"follow","max-snippet":"max-snippet:-1","max-image-preview":"max-image-preview:large","max-video-preview":"max-video-preview:-1"},"canonical":"https:\/\/lebouterollier.com\/index.php\/contact\/","og_locale":"fr_FR","og_type":"article","og_title":"Contact - Atelier de r\u00e9novation et de pr\u00e9paration motos","og_url":"https:\/\/lebouterollier.com\/index.php\/contact\/","og_site_name":"Atelier de r\u00e9novation et de pr\u00e9paration motos","article_publisher":"https:\/\/www.facebook.com\/lebouterollier\/","article_modified_time":"2025-05-02T07:53:21+00:00","twitter_card":"summary_large_image","twitter_misc":{"Dur\u00e9e de lecture estim\u00e9e":"2 minutes"},"schema":{"@context":"https:\/\/schema.org","@graph":[{"@type":"Organization","@id":"https:\/\/lebouterollier.com\/#organization","name":"LE BOUTEROLLIER","url":"https:\/\/lebouterollier.com\/","sameAs":["https:\/\/www.instagram.com\/lebouterollier\/","https:\/\/www.facebook.com\/lebouterollier\/"],"logo":{"@type":"ImageObject","inLanguage":"fr-FR","@id":"https:\/\/lebouterollier.com\/#\/schema\/logo\/image\/","url":"http:\/\/lebouterollier.com\/wp-content\/uploads\/2019\/03\/bouterollier_logo.jpg","contentUrl":"http:\/\/lebouterollier.com\/wp-content\/uploads\/2019\/03\/bouterollier_logo.jpg","width":1181,"height":1181,"caption":"LE BOUTEROLLIER"},"image":{"@id":"https:\/\/lebouterollier.com\/#\/schema\/logo\/image\/"}},{"@type":"WebSite","@id":"https:\/\/lebouterollier.com\/#website","url":"https:\/\/lebouterollier.com\/","name":"Atelier de r\u00e9novation et de pr\u00e9paration motos","description":"Atelier de r\u00e9novation et de pr\u00e9paration motos","publisher":{"@id":"https:\/\/lebouterollier.com\/#organization"},"potentialAction":[{"@type":"SearchAction","target":{"@type":"EntryPoint","urlTemplate":"https:\/\/lebouterollier.com\/?s={search_term_string}"},"query-input":"required name=search_term_string"}],"inLanguage":"fr-FR"},{"@type":"WebPage","@id":"https:\/\/lebouterollier.com\/index.php\/contact\/","url":"https:\/\/lebouterollier.com\/index.php\/contact\/","name":"Contact - Atelier de r\u00e9novation et de pr\u00e9paration motos","isPartOf":{"@id":"https:\/\/lebouterollier.com\/#website"},"datePublished":"2019-05-27T15:14:39+00:00","dateModified":"2025-05-02T07:53:21+00:00","breadcrumb":{"@id":"https:\/\/lebouterollier.com\/index.php\/contact\/#breadcrumb"},"inLanguage":"fr-FR","potentialAction":[{"@type":"ReadAction","target":["https:\/\/lebouterollier.com\/index.php\/contact\/"]}]},{"@type":"BreadcrumbList","@id":"https:\/\/lebouterollier.com\/index.php\/contact\/#breadcrumb","itemListElement":[{"@type":"ListItem","position":1,"name":"Accueil","item":"https:\/\/lebouterollier.com\/"},{"@type":"ListItem","position":2,"name":"Contact"}]}]}},"_links":{"self":[{"href":"https:\/\/lebouterollier.com\/index.php\/wp-json\/wp\/v2\/pages\/1148"}],"collection":[{"href":"https:\/\/lebouterollier.com\/index.php\/wp-json\/wp\/v2\/pages"}],"about":[{"href":"https:\/\/lebouterollier.com\/index.php\/wp-json\/wp\/v2\/types\/page"}],"author":[{"embeddable":true,"href":"https:\/\/lebouterollier.com\/index.php\/wp-json\/wp\/v2\/users\/1"}],"replies":[{"embeddable":true,"href":"https:\/\/lebouterollier.com\/index.php\/wp-json\/wp\/v2\/comments?post=1148"}],"version-history":[{"count":26,"href":"https:\/\/lebouterollier.com\/index.php\/wp-json\/wp\/v2\/pages\/1148\/revisions"}],"predecessor-version":[{"id":1522,"href":"https:\/\/lebouterollier.com\/index.php\/wp-json\/wp\/v2\/pages\/1148\/revisions\/1522"}],"wp:attachment":[{"href":"https:\/\/lebouterollier.com\/index.php\/wp-json\/wp\/v2\/media?parent=1148"}],"curies":[{"name":"wp","href":"https:\/\/api.w.org\/{rel}","templated":true}]}}