{"id":84,"date":"2015-05-12T16:55:16","date_gmt":"2015-05-12T16:55:16","guid":{"rendered":"http:\/\/lebouterollier.com\/?page_id=84"},"modified":"2019-05-31T18:08:16","modified_gmt":"2019-05-31T16:08:16","slug":"facilities","status":"publish","type":"page","link":"https:\/\/lebouterollier.com\/index.php\/facilities\/","title":{"rendered":"Atelier"},"content":{"rendered":"<p><div class=\"fusion-fullwidth fullwidth-box fusion-builder-row-1 fusion-parallax-none nonhundred-percent-fullwidth non-hundred-percent-height-scrolling\" style=\"background-color: #25292b;background-image: url(&quot;http:\/\/lebouterollier.com\/wp-content\/uploads\/2019\/04\/E1.jpg&quot;);background-position: left top;background-repeat: no-repeat;padding-top:100px;padding-right:0px;padding-bottom:100px;padding-left:0px;margin-bottom: 0px;margin-top: 0px;border-width: 0px 0px 0px 0px;border-color:#25292b;border-style:solid;-webkit-background-size:cover;-moz-background-size:cover;-o-background-size:cover;background-size:cover;\" ><div class=\"fusion-builder-row fusion-row\"><div class=\"fusion-layout-column fusion_builder_column fusion-builder-column-0 fusion_builder_column_1_1 1_1 fusion-one-full fusion-column-first fusion-column-last fusion-column-no-min-height\" style=\"margin-top:0px;margin-bottom:0px;\"><div class=\"fusion-column-wrapper fusion-flex-column-wrapper-legacy\" style=\"background-position:left top;background-repeat:no-repeat;-webkit-background-size:cover;-moz-background-size:cover;-o-background-size:cover;background-size:cover;padding: 0px 0px 0px 0px;\"><div class=\"fusion-text fusion-text-1\"><h2 style=\"text-align: center;\">Un atelier \u00e9quip\u00e9 nous permettant de r\u00e9aliser l&rsquo;ensemble de nos prestations en autonomie.<\/h2>\n<\/div><div class=\"fusion-clearfix\"><\/div><\/div><\/div><div class=\"fusion-layout-column fusion_builder_column fusion-builder-column-1 fusion_builder_column_1_1 1_1 fusion-one-full fusion-column-first fusion-column-last fusion-column-no-min-height\" style=\"margin-top:0px;margin-bottom:0px;\"><div class=\"fusion-column-wrapper fusion-flex-column-wrapper-legacy\" style=\"background-position:left top;background-repeat:no-repeat;-webkit-background-size:cover;-moz-background-size:cover;-o-background-size:cover;background-size:cover;padding: 0px 0px 0px 0px;\"><div class=\"fusion-text fusion-text-2\"><p>Form\u00e9s \u00e0 l&rsquo;AFMCM et titulaires d&rsquo;un CAP en m\u00e9canique moto, nous disposons du mat\u00e9riel n\u00e9cessaire pour r\u00e9aliser en autonomie les projets du garage :<\/p>\n<ul>\n<li>Travail du m\u00e9tal (d\u00e9coupe, cintrage, pliage et soudure),<\/li>\n<li>Restauration et pr\u00e9paration des pi\u00e8ces (sablage, microbillage, nettoyage aux ultrasons, polissage)<\/li>\n<li>M\u00e9trologie moteur et partie cycle (mesure jeu cylindre\/piston, plastigage villebrequin, contr\u00f4le voile jantes, disques, fourche)<\/li>\n<li>Entretien courant (montage roulements \u00e0 la presse, r\u00e9glage de carburation, synchro, r\u00e9glage allumage)<\/li>\n<\/ul>\n<p>Seule la peinture, la sellerie et l&rsquo;usinage sont pour l&rsquo;instant des activit\u00e9s que nous pr\u00e9f\u00e9rons confier \u00e0 des partenaires de confiance.<\/p>\n<\/div><div class=\"fusion-clearfix\"><\/div><\/div><\/div><\/div><\/div><div class=\"fusion-fullwidth fullwidth-box fusion-builder-row-2 hundred-percent-fullwidth non-hundred-percent-height-scrolling fusion-equal-height-columns\" style=\"background-color: #1e2123;background-position: left top;background-repeat: no-repeat;padding-top:100px;padding-right:8%;padding-bottom:0px;padding-left:8%;margin-bottom: 0px;margin-top: 0px;border-width: 0px 0px 0px 0px;border-color:#25292b;border-style:solid;\" ><div class=\"fusion-builder-row fusion-row\"><div class=\"fusion-layout-column fusion_builder_column fusion-builder-column-2 fusion_builder_column_1_2 1_2 fusion-one-half fusion-column-first fusion-column-inner-bg-wrapper fusion-column-liftup-border\" style=\"width:48%; margin-right: 4%;margin-top:0px;margin-bottom:4.25%;\"><div class=\"fusion-column-wrapper fusion-flex-column-wrapper-legacy\" style=\"padding: 40% 0px 0px 0px;\" data-bg-url=\"http:\/\/lebouterollier.com\/wp-content\/uploads\/2019\/04\/0295-IMG_2024-e1556537863208.jpg\"><div class=\"fusion-column-content-centered\"><div class=\"fusion-column-content\"><div class=\"fusion-text fusion-text-3\"><div style=\"background: rgba(0,0,0,0.3); padding: 20px 7%;\">\n<h3 style=\"font-size: 24px; text-align: center;\">Travail du m\u00e9tal<\/h3>\n<p style=\"text-align: center;\"><span style=\"font-size: 16px; color: #ffffff;\">Plieuse, cintreuse, scie \u00e0 ruban, poste \u00e0 souder.<\/span><\/p>\n<\/div>\n<\/div><\/div><\/div><div class=\"fusion-clearfix\"><\/div><\/div><span class=\"fusion-column-inner-bg hover-type-liftup\"><a class=\"fusion-column-anchor\"><span class=\"fusion-column-inner-bg-image\" style=\"background-image: url(&#039;http:\/\/lebouterollier.com\/wp-content\/uploads\/2019\/04\/0295-IMG_2024-e1556537863208.jpg&#039;);background-position:center center;background-repeat:no-repeat;-webkit-background-size:cover;-moz-background-size:cover;-o-background-size:cover;background-size:cover;\"><\/span><\/a><\/span><\/div><div class=\"fusion-layout-column fusion_builder_column fusion-builder-column-3 fusion_builder_column_1_2 1_2 fusion-one-half fusion-column-last fusion-column-inner-bg-wrapper fusion-column-liftup-border\" style=\"width:48%;margin-top:0px;margin-bottom:4.25%;\"><div class=\"fusion-column-wrapper fusion-flex-column-wrapper-legacy\" style=\"padding: 40% 0px 0px 0px;\" data-bg-url=\"http:\/\/lebouterollier.com\/wp-content\/uploads\/2019\/04\/0242-IMG_7563-e1556536792741.jpg\"><div class=\"fusion-column-content-centered\"><div class=\"fusion-column-content\"><div class=\"fusion-text fusion-text-4\"><div style=\"background: rgba(0,0,0,0.3); padding: 20px 7%;\">\n<h3 style=\"font-size: 24px; text-align: center;\">Restauration et pr\u00e9paration des pi\u00e8ces<\/h3>\n<p style=\"text-align: center;\"><span style=\"font-size: 16px; color: #ffffff;\">Sableuse, bac \u00e0 ultrasons de grande capacit\u00e9, touret \u00e0 polir<\/span><\/p>\n<\/div>\n<\/div><\/div><\/div><div class=\"fusion-clearfix\"><\/div><\/div><span class=\"fusion-column-inner-bg hover-type-liftup\"><a class=\"fusion-column-anchor\"><span class=\"fusion-column-inner-bg-image\" style=\"background-image: url(&#039;http:\/\/lebouterollier.com\/wp-content\/uploads\/2019\/04\/0242-IMG_7563-e1556536792741.jpg&#039;);background-position:center center;background-repeat:no-repeat;-webkit-background-size:cover;-moz-background-size:cover;-o-background-size:cover;background-size:cover;\"><\/span><\/a><\/span><\/div><div class=\"fusion-layout-column fusion_builder_column fusion-builder-column-4 fusion_builder_column_1_2 1_2 fusion-one-half fusion-column-first fusion-column-inner-bg-wrapper fusion-column-liftup-border\" style=\"width:48%; margin-right: 4%;margin-top:0px;margin-bottom:4.25%;\"><div class=\"fusion-column-wrapper fusion-flex-column-wrapper-legacy\" style=\"padding: 40% 0px 0px 0px;\" data-bg-url=\"http:\/\/lebouterollier.com\/wp-content\/uploads\/2019\/04\/0041-IMG_2096.jpg\"><div class=\"fusion-column-content-centered\"><div class=\"fusion-column-content\"><div class=\"fusion-text fusion-text-5\"><div style=\"background: rgba(0,0,0,0.3); padding: 20px 7%;\">\n<h3 style=\"font-size: 24px; text-align: center;\">M\u00e9trologie moteur et partie cycle<\/h3>\n<p style=\"text-align: center;\"><span style=\"font-size: 16px; color: #ffffff;\">Marbre, palmers, comparateurs d&rsquo;int\u00e9rieur<\/span><\/p>\n<\/div>\n<\/div><\/div><\/div><div class=\"fusion-clearfix\"><\/div><\/div><span class=\"fusion-column-inner-bg hover-type-liftup\"><a class=\"fusion-column-anchor\"><span class=\"fusion-column-inner-bg-image\" style=\"background-image: url(&#039;http:\/\/lebouterollier.com\/wp-content\/uploads\/2019\/04\/0041-IMG_2096.jpg&#039;);background-position:center center;background-repeat:no-repeat;-webkit-background-size:cover;-moz-background-size:cover;-o-background-size:cover;background-size:cover;\"><\/span><\/a><\/span><\/div><div class=\"fusion-layout-column fusion_builder_column fusion-builder-column-5 fusion_builder_column_1_2 1_2 fusion-one-half fusion-column-last fusion-column-inner-bg-wrapper fusion-column-liftup-border\" style=\"width:48%;margin-top:0px;margin-bottom:4.25%;\"><div class=\"fusion-column-wrapper fusion-flex-column-wrapper-legacy\" style=\"padding: 40% 0px 0px 0px;\" data-bg-url=\"http:\/\/lebouterollier.com\/wp-content\/uploads\/2019\/04\/0297-IMG_2026-e1556536321262.jpg\"><div class=\"fusion-column-content-centered\"><div class=\"fusion-column-content\"><div class=\"fusion-text fusion-text-6\"><div style=\"background: rgba(0,0,0,0.3); padding: 20px 7%;\">\n<h3 style=\"font-size: 24px; text-align: center;\">Entretien courant<\/h3>\n<p style=\"text-align: center;\"><span style=\"font-size: 16px; color: #ffffff;\">Compresseur, presse hydraulique, rampe \u00e0 d\u00e9pression, marteau et burin!<\/span><\/p>\n<\/div>\n<\/div><\/div><\/div><div class=\"fusion-clearfix\"><\/div><\/div><span class=\"fusion-column-inner-bg hover-type-liftup\"><a class=\"fusion-column-anchor\"><span class=\"fusion-column-inner-bg-image\" style=\"background-image: url(&#039;http:\/\/lebouterollier.com\/wp-content\/uploads\/2019\/04\/0297-IMG_2026-e1556536321262.jpg&#039;);background-position:center center;background-repeat:no-repeat;-webkit-background-size:cover;-moz-background-size:cover;-o-background-size:cover;background-size:cover;\"><\/span><\/a><\/span><\/div><\/div><\/div><div class=\"fusion-fullwidth fullwidth-box fusion-builder-row-3 nonhundred-percent-fullwidth non-hundred-percent-height-scrolling\" style=\"background-color: #25292b;background-position: center center;background-repeat: no-repeat;padding-top:0px;padding-right:0px;padding-bottom:0px;padding-left:0px;margin-bottom: 0px;margin-top: 0px;border-width: 0px 0px 0px 0px;border-color:#25292b;border-style:solid;\" ><div class=\"fusion-builder-row fusion-row\"><div class=\"fusion-layout-column fusion_builder_column fusion-builder-column-6 fusion_builder_column_1_1 1_1 fusion-one-full fusion-column-first fusion-column-last\" style=\"margin-top:0px;margin-bottom:20px;\"><div class=\"fusion-column-wrapper fusion-flex-column-wrapper-legacy\" style=\"background-position:left top;background-repeat:no-repeat;-webkit-background-size:cover;-moz-background-size:cover;-o-background-size:cover;background-size:cover;padding: 0px 0px 0px 0px;\"><div class=\"fusion-sep-clear\"><\/div><div class=\"fusion-separator fusion-full-width-sep\" style=\"margin-left: auto;margin-right: auto;margin-top:30px;width:100%;\"><\/div><div class=\"fusion-sep-clear\"><\/div>\t\t\t\t\t<script type=\"text\/javascript\">\n\t\t\t\t\t\tvar map_fusion_map_69f34fc5b6d37;\n\t\t\t\t\t\tvar markers = [];\n\t\t\t\t\t\tvar counter = 0;\n\t\t\t\t\t\t\t\t\t\t\t\t\t\t\t\t\t\t\t\tvar fusionMapNonce = '8250b980a5';\n\t\t\t\t\t\t\t\t\t\t\t\tfunction fusion_run_map_fusion_map_69f34fc5b6d37() {\n\t\t\t\t\t\t\tjQuery('#fusion_map_69f34fc5b6d37').fusion_maps({\n\t\t\t\t\t\t\t\taddresses: [{\"address\":\"49,2.2833\",\"infobox_content\":\"\",\"coordinates\":true,\"latitude\":\"49\",\"longitude\":\"2.2833\",\"cache\":true,\"geocoded_address\":\"49,2.2833\"}],\n\t\t\t\t\t\t\t\tanimations: false,\n\t\t\t\t\t\t\t\tinfobox_background_color: '',\n\t\t\t\t\t\t\t\tinfobox_styling: 'default',\n\t\t\t\t\t\t\t\tinfobox_text_color: '',\n\t\t\t\t\t\t\t\tmap_style: 'default',\n\t\t\t\t\t\t\t\tmap_type: 'roadmap',\n\t\t\t\t\t\t\t\tmarker_icon: '',\n\t\t\t\t\t\t\t\toverlay_color: '',\n\t\t\t\t\t\t\t\toverlay_color_hsl: {\"hue\":0,\"sat\":0,\"lum\":100},\n\t\t\t\t\t\t\t\tpan_control: true,\n\t\t\t\t\t\t\t\tshow_address: true,\n\t\t\t\t\t\t\t\tscale_control: true,\n\t\t\t\t\t\t\t\tscrollwheel: true,\n\t\t\t\t\t\t\t\tzoom: 14,\n\t\t\t\t\t\t\t\tzoom_control: true,\n\t\t\t\t\t\t\t});\n\t\t\t\t\t\t}\n\n\t\t\t\t\t\tgoogle.maps.event.addDomListener(window, 'load', fusion_run_map_fusion_map_69f34fc5b6d37);\n\t\t\t\t\t<\/script>\n\t\t\t\t\t<div class=\"shortcode-map fusion-google-map fusion-maps-js-type\" id=\"fusion_map_69f34fc5b6d37\" style=\"height:300px;width:100%;\"><\/div><div class=\"fusion-sep-clear\"><\/div><div class=\"fusion-separator fusion-full-width-sep\" style=\"margin-left: auto;margin-right: auto;margin-top:30px;width:100%;\"><\/div><div class=\"fusion-sep-clear\"><\/div><div class=\"fusion-text fusion-text-7\"><h3><\/h3>\n<h3 style=\"text-align: center;\">Pour vous assurer un service de qualit\u00e9, nos ateliers d&rsquo;Eaubonne et Colombes sont ferm\u00e9s au public et nous vous demandons de bien vouloir utiliser le bouton de contact ci-dessous pour prendre rendez-vous \ud83d\ude09<\/h3>\n<\/div><div class=\"fusion-aligncenter\"><style type=\"text\/css\">.fusion-button.button-1 .fusion-button-text, .fusion-button.button-1 i {color:#ffffff;}.fusion-button.button-1 .fusion-button-icon-divider{border-color:#ffffff;}.fusion-button.button-1:hover .fusion-button-text, .fusion-button.button-1:hover i,.fusion-button.button-1:focus .fusion-button-text, .fusion-button.button-1:focus i,.fusion-button.button-1:active .fusion-button-text, .fusion-button.button-1:active{color:#ffffff;}.fusion-button.button-1:hover .fusion-button-icon-divider, .fusion-button.button-1:hover .fusion-button-icon-divider, .fusion-button.button-1:active .fusion-button-icon-divider{border-color:#ffffff;}.fusion-button.button-1:hover, .fusion-button.button-1:focus, .fusion-button.button-1:active{border-color:#ffffff;border-width:1px;}.fusion-button.button-1 {border-color:#ffffff;border-width:1px;border-radius:0px;}.fusion-button.button-1{background: rgba(255,255,255,0);}.fusion-button.button-1:hover,.button-1:focus,.fusion-button.button-1:active{background: rgba(255,255,255,0);}<\/style><a class=\"fusion-button button-flat fusion-button-default-size button-custom button-1 fusion-button-span-no fusion-button-default-type\" target=\"_self\" href=\"http:\/\/lebouterollier.com\/index.php\/facilities\/contact\/\"><span class=\"fusion-button-text\">Contactez-nous<\/span><\/a><\/div><div class=\"fusion-clearfix\"><\/div><\/div><\/div><div class=\"fusion-layout-column fusion_builder_column fusion-builder-column-7 fusion_builder_column_1_1 1_1 fusion-one-full fusion-column-first fusion-column-last\" style=\"margin-top:0px;margin-bottom:20px;\"><div class=\"fusion-column-wrapper fusion-flex-column-wrapper-legacy\" style=\"background-position:left top;background-repeat:no-repeat;-webkit-background-size:cover;-moz-background-size:cover;-o-background-size:cover;background-size:cover;padding: 0px 0px 0px 0px;\"><div class=\"fusion-clearfix\"><\/div><\/div><\/div><\/div><\/div><\/p>\n","protected":false},"excerpt":{"rendered":"","protected":false},"author":1,"featured_media":0,"parent":0,"menu_order":0,"comment_status":"open","ping_status":"open","template":"100-width.php","meta":[],"yoast_head":"<!-- This site is optimized with the Yoast SEO plugin v19.4 - https:\/\/yoast.com\/wordpress\/plugins\/seo\/ -->\n<title>Atelier - Atelier de r\u00e9novation et de pr\u00e9paration motos<\/title>\n<meta name=\"robots\" content=\"index, follow, max-snippet:-1, max-image-preview:large, max-video-preview:-1\" \/>\n<link rel=\"canonical\" href=\"https:\/\/lebouterollier.com\/index.php\/facilities\/\" \/>\n<meta property=\"og:locale\" content=\"fr_FR\" \/>\n<meta property=\"og:type\" content=\"article\" \/>\n<meta property=\"og:title\" content=\"Atelier - Atelier de r\u00e9novation et de pr\u00e9paration motos\" \/>\n<meta property=\"og:url\" content=\"https:\/\/lebouterollier.com\/index.php\/facilities\/\" \/>\n<meta property=\"og:site_name\" content=\"Atelier de r\u00e9novation et de pr\u00e9paration motos\" \/>\n<meta property=\"article:publisher\" content=\"https:\/\/www.facebook.com\/lebouterollier\/\" \/>\n<meta property=\"article:modified_time\" content=\"2019-05-31T16:08:16+00:00\" \/>\n<meta name=\"twitter:card\" content=\"summary_large_image\" \/>\n<meta name=\"twitter:label1\" content=\"Dur\u00e9e de lecture estim\u00e9e\" \/>\n\t<meta name=\"twitter:data1\" content=\"8 minutes\" \/>\n<script type=\"application\/ld+json\" class=\"yoast-schema-graph\">{\"@context\":\"https:\/\/schema.org\",\"@graph\":[{\"@type\":\"Organization\",\"@id\":\"https:\/\/lebouterollier.com\/#organization\",\"name\":\"LE BOUTEROLLIER\",\"url\":\"https:\/\/lebouterollier.com\/\",\"sameAs\":[\"https:\/\/www.instagram.com\/lebouterollier\/\",\"https:\/\/www.facebook.com\/lebouterollier\/\"],\"logo\":{\"@type\":\"ImageObject\",\"inLanguage\":\"fr-FR\",\"@id\":\"https:\/\/lebouterollier.com\/#\/schema\/logo\/image\/\",\"url\":\"http:\/\/lebouterollier.com\/wp-content\/uploads\/2019\/03\/bouterollier_logo.jpg\",\"contentUrl\":\"http:\/\/lebouterollier.com\/wp-content\/uploads\/2019\/03\/bouterollier_logo.jpg\",\"width\":1181,\"height\":1181,\"caption\":\"LE BOUTEROLLIER\"},\"image\":{\"@id\":\"https:\/\/lebouterollier.com\/#\/schema\/logo\/image\/\"}},{\"@type\":\"WebSite\",\"@id\":\"https:\/\/lebouterollier.com\/#website\",\"url\":\"https:\/\/lebouterollier.com\/\",\"name\":\"Atelier de r\u00e9novation et de pr\u00e9paration motos\",\"description\":\"Atelier de r\u00e9novation et de pr\u00e9paration motos\",\"publisher\":{\"@id\":\"https:\/\/lebouterollier.com\/#organization\"},\"potentialAction\":[{\"@type\":\"SearchAction\",\"target\":{\"@type\":\"EntryPoint\",\"urlTemplate\":\"https:\/\/lebouterollier.com\/?s={search_term_string}\"},\"query-input\":\"required name=search_term_string\"}],\"inLanguage\":\"fr-FR\"},{\"@type\":\"WebPage\",\"@id\":\"https:\/\/lebouterollier.com\/index.php\/facilities\/\",\"url\":\"https:\/\/lebouterollier.com\/index.php\/facilities\/\",\"name\":\"Atelier - Atelier de r\u00e9novation et de pr\u00e9paration motos\",\"isPartOf\":{\"@id\":\"https:\/\/lebouterollier.com\/#website\"},\"datePublished\":\"2015-05-12T16:55:16+00:00\",\"dateModified\":\"2019-05-31T16:08:16+00:00\",\"breadcrumb\":{\"@id\":\"https:\/\/lebouterollier.com\/index.php\/facilities\/#breadcrumb\"},\"inLanguage\":\"fr-FR\",\"potentialAction\":[{\"@type\":\"ReadAction\",\"target\":[\"https:\/\/lebouterollier.com\/index.php\/facilities\/\"]}]},{\"@type\":\"BreadcrumbList\",\"@id\":\"https:\/\/lebouterollier.com\/index.php\/facilities\/#breadcrumb\",\"itemListElement\":[{\"@type\":\"ListItem\",\"position\":1,\"name\":\"Accueil\",\"item\":\"https:\/\/lebouterollier.com\/\"},{\"@type\":\"ListItem\",\"position\":2,\"name\":\"Atelier\"}]}]}<\/script>\n<!-- \/ Yoast SEO plugin. -->","yoast_head_json":{"title":"Atelier - Atelier de r\u00e9novation et de pr\u00e9paration motos","robots":{"index":"index","follow":"follow","max-snippet":"max-snippet:-1","max-image-preview":"max-image-preview:large","max-video-preview":"max-video-preview:-1"},"canonical":"https:\/\/lebouterollier.com\/index.php\/facilities\/","og_locale":"fr_FR","og_type":"article","og_title":"Atelier - Atelier de r\u00e9novation et de pr\u00e9paration motos","og_url":"https:\/\/lebouterollier.com\/index.php\/facilities\/","og_site_name":"Atelier de r\u00e9novation et de pr\u00e9paration motos","article_publisher":"https:\/\/www.facebook.com\/lebouterollier\/","article_modified_time":"2019-05-31T16:08:16+00:00","twitter_card":"summary_large_image","twitter_misc":{"Dur\u00e9e de lecture estim\u00e9e":"8 minutes"},"schema":{"@context":"https:\/\/schema.org","@graph":[{"@type":"Organization","@id":"https:\/\/lebouterollier.com\/#organization","name":"LE BOUTEROLLIER","url":"https:\/\/lebouterollier.com\/","sameAs":["https:\/\/www.instagram.com\/lebouterollier\/","https:\/\/www.facebook.com\/lebouterollier\/"],"logo":{"@type":"ImageObject","inLanguage":"fr-FR","@id":"https:\/\/lebouterollier.com\/#\/schema\/logo\/image\/","url":"http:\/\/lebouterollier.com\/wp-content\/uploads\/2019\/03\/bouterollier_logo.jpg","contentUrl":"http:\/\/lebouterollier.com\/wp-content\/uploads\/2019\/03\/bouterollier_logo.jpg","width":1181,"height":1181,"caption":"LE BOUTEROLLIER"},"image":{"@id":"https:\/\/lebouterollier.com\/#\/schema\/logo\/image\/"}},{"@type":"WebSite","@id":"https:\/\/lebouterollier.com\/#website","url":"https:\/\/lebouterollier.com\/","name":"Atelier de r\u00e9novation et de pr\u00e9paration motos","description":"Atelier de r\u00e9novation et de pr\u00e9paration motos","publisher":{"@id":"https:\/\/lebouterollier.com\/#organization"},"potentialAction":[{"@type":"SearchAction","target":{"@type":"EntryPoint","urlTemplate":"https:\/\/lebouterollier.com\/?s={search_term_string}"},"query-input":"required name=search_term_string"}],"inLanguage":"fr-FR"},{"@type":"WebPage","@id":"https:\/\/lebouterollier.com\/index.php\/facilities\/","url":"https:\/\/lebouterollier.com\/index.php\/facilities\/","name":"Atelier - Atelier de r\u00e9novation et de pr\u00e9paration motos","isPartOf":{"@id":"https:\/\/lebouterollier.com\/#website"},"datePublished":"2015-05-12T16:55:16+00:00","dateModified":"2019-05-31T16:08:16+00:00","breadcrumb":{"@id":"https:\/\/lebouterollier.com\/index.php\/facilities\/#breadcrumb"},"inLanguage":"fr-FR","potentialAction":[{"@type":"ReadAction","target":["https:\/\/lebouterollier.com\/index.php\/facilities\/"]}]},{"@type":"BreadcrumbList","@id":"https:\/\/lebouterollier.com\/index.php\/facilities\/#breadcrumb","itemListElement":[{"@type":"ListItem","position":1,"name":"Accueil","item":"https:\/\/lebouterollier.com\/"},{"@type":"ListItem","position":2,"name":"Atelier"}]}]}},"_links":{"self":[{"href":"https:\/\/lebouterollier.com\/index.php\/wp-json\/wp\/v2\/pages\/84"}],"collection":[{"href":"https:\/\/lebouterollier.com\/index.php\/wp-json\/wp\/v2\/pages"}],"about":[{"href":"https:\/\/lebouterollier.com\/index.php\/wp-json\/wp\/v2\/types\/page"}],"author":[{"embeddable":true,"href":"https:\/\/lebouterollier.com\/index.php\/wp-json\/wp\/v2\/users\/1"}],"replies":[{"embeddable":true,"href":"https:\/\/lebouterollier.com\/index.php\/wp-json\/wp\/v2\/comments?post=84"}],"version-history":[{"count":37,"href":"https:\/\/lebouterollier.com\/index.php\/wp-json\/wp\/v2\/pages\/84\/revisions"}],"predecessor-version":[{"id":1267,"href":"https:\/\/lebouterollier.com\/index.php\/wp-json\/wp\/v2\/pages\/84\/revisions\/1267"}],"wp:attachment":[{"href":"https:\/\/lebouterollier.com\/index.php\/wp-json\/wp\/v2\/media?parent=84"}],"curies":[{"name":"wp","href":"https:\/\/api.w.org\/{rel}","templated":true}]}}