{"id":906,"date":"2019-03-01T13:48:41","date_gmt":"2019-03-01T12:48:41","guid":{"rendered":"http:\/\/lebouterollier.com\/?page_id=906"},"modified":"2019-05-31T19:32:11","modified_gmt":"2019-05-31T17:32:11","slug":"restauration-motos-anciennes","status":"publish","type":"page","link":"https:\/\/lebouterollier.com\/index.php\/restauration-motos-anciennes\/","title":{"rendered":"Restauration motos anciennes"},"content":{"rendered":"<p><div class=\"fusion-fullwidth fullwidth-box fusion-builder-row-1 fusion-parallax-none nonhundred-percent-fullwidth non-hundred-percent-height-scrolling\" style=\"background-color: #25292b;background-image: url(&quot;http:\/\/lebouterollier.com\/wp-content\/uploads\/2019\/05\/0025-IMG_2077.jpg&quot;);background-position: center center;background-repeat: no-repeat;padding-top:0px;padding-right:0px;padding-bottom:0px;padding-left:0px;margin-bottom: 0px;margin-top: 0px;border-width: 0px 0px 0px 0px;border-color:#25292b;border-style:solid;-webkit-background-size:cover;-moz-background-size:cover;-o-background-size:cover;background-size:cover;\" ><div class=\"fusion-builder-row fusion-row\"><div class=\"fusion-layout-column fusion_builder_column fusion-builder-column-0 fusion_builder_column_1_1 1_1 fusion-one-full fusion-column-first fusion-column-last\" style=\"margin-top:0px;margin-bottom:20px;\"><div class=\"fusion-column-wrapper fusion-flex-column-wrapper-legacy\" style=\"background-position:left top;background-repeat:no-repeat;-webkit-background-size:cover;-moz-background-size:cover;-o-background-size:cover;background-size:cover;padding: 0px 0px 0px 0px;\"><div class=\"fusion-sep-clear\"><\/div><div class=\"fusion-separator fusion-full-width-sep\" style=\"margin-left: auto;margin-right: auto;margin-top:30px;width:100%;\"><\/div><div class=\"fusion-sep-clear\"><\/div><div class=\"fusion-align-block\"><style type=\"text\/css\">.fusion-button.button-1 {border-radius:25px;}<\/style><a class=\"fusion-button button-flat fusion-button-default-size button-default button-1 fusion-button-default-span fusion-button-default-type\" target=\"_self\"><i class=\"fa-motorcycle fas button-icon-left\" aria-hidden=\"true\"><\/i><span class=\"fusion-button-text\">Restauration de Machines anciennes<\/span><\/a><\/div><div class=\"fusion-clearfix\"><\/div><\/div><\/div><div class=\"fusion-layout-column fusion_builder_column fusion-builder-column-1 fusion_builder_column_1_6 1_6 fusion-one-sixth fusion-column-first\" style=\"width:16.666666666667%;width:calc(16.666666666667% - ( ( 4% + 4% ) * 0.16666666666667 ) );margin-right: 4%;margin-top:0px;margin-bottom:20px;\"><div class=\"fusion-column-wrapper fusion-flex-column-wrapper-legacy\" style=\"background-position:left top;background-repeat:no-repeat;-webkit-background-size:cover;-moz-background-size:cover;-o-background-size:cover;background-size:cover;padding: 0px 0px 0px 0px;\"><div class=\"fusion-clearfix\"><\/div><\/div><\/div><div class=\"fusion-layout-column fusion_builder_column fusion-builder-column-2 fusion_builder_column_2_3 2_3 fusion-two-third\" style=\"width:66.666666666667%;width:calc(66.666666666667% - ( ( 4% + 4% ) * 0.66666666666667 ) );margin-right: 4%;margin-top:0px;margin-bottom:20px;\"><div class=\"fusion-column-wrapper fusion-flex-column-wrapper-legacy\" style=\"background-position:left top;background-repeat:no-repeat;-webkit-background-size:cover;-moz-background-size:cover;-o-background-size:cover;background-size:cover;padding: 0px 0px 0px 0px;\"><div class=\"fusion-text fusion-text-1\"><p>Nous pouvons vous accompagner sur les prestations suivantes :<\/p>\n<ul>\n<li><strong>Restauration de votre machine personnelle<\/strong>\n<ul>\n<li>Dans un objectif de ballade plaisir<\/li>\n<li>Dans un objectif de d\u00e9monstration en concours<\/li>\n<li>En la gardant dans son jus ou pour une restauration sortie d&rsquo;usine<\/li>\n<\/ul>\n<\/li>\n<li><strong>Quelque soit l&rsquo;\u00e9poque<\/strong>\n<ul>\n<li>Depuis les mod\u00e8les d&rsquo;avant guerre jusqu&rsquo;au d\u00e9but des ann\u00e9es 1970<\/li>\n<li>Possibilit\u00e9 de refabrication de pi\u00e8ces<\/li>\n<\/ul>\n<\/li>\n<li><strong>Entretien<\/strong> de votre machine\n<ul>\n<li>Nettoyage ultrsaons<\/li>\n<li>Sablage et microbillage<\/li>\n<li>R\u00e9glage de carburation<\/li>\n<li>R\u00e9fection moteur et partie cycle<\/li>\n<li>Rayonnage<\/li>\n<li>Fiabilisation \u00e9lectrique (Passage en 12V, Allumage \u00e9lectronique)<\/li>\n<\/ul>\n<\/li>\n<\/ul>\n<p>Nous pouvons \u00e9galement rechercher pour vous la machine de vos r\u00eaves et vous la livrer dans l&rsquo;\u00e9tat de restauration que vous souhaitez.<\/p>\n<\/div><div class=\"fusion-clearfix\"><\/div><\/div><\/div><div class=\"fusion-layout-column fusion_builder_column fusion-builder-column-3 fusion_builder_column_1_6 1_6 fusion-one-sixth fusion-column-last\" style=\"width:16.666666666667%;width:calc(16.666666666667% - ( ( 4% + 4% ) * 0.16666666666667 ) );margin-top:0px;margin-bottom:20px;\"><div class=\"fusion-column-wrapper fusion-flex-column-wrapper-legacy\" style=\"background-position:left top;background-repeat:no-repeat;-webkit-background-size:cover;-moz-background-size:cover;-o-background-size:cover;background-size:cover;padding: 0px 0px 0px 0px;\"><div class=\"fusion-clearfix\"><\/div><\/div><\/div><\/div><\/div><div class=\"fusion-fullwidth fullwidth-box fusion-builder-row-2 nonhundred-percent-fullwidth non-hundred-percent-height-scrolling\" style=\"background-color: #000000;background-position: center center;background-repeat: no-repeat;padding-top:0px;padding-right:0px;padding-bottom:0px;padding-left:0px;margin-bottom: 0px;margin-top: 0px;border-width: 0px 0px 0px 0px;border-color:#25292b;border-style:solid;\" ><div class=\"fusion-builder-row fusion-row\"><div class=\"fusion-layout-column fusion_builder_column fusion-builder-column-4 fusion_builder_column_1_1 1_1 fusion-one-full fusion-column-first fusion-column-last\" style=\"margin-top:0px;margin-bottom:20px;\"><div class=\"fusion-column-wrapper fusion-flex-column-wrapper-legacy\" style=\"background-position:left top;background-repeat:no-repeat;-webkit-background-size:cover;-moz-background-size:cover;-o-background-size:cover;background-size:cover;padding: 0px 0px 0px 0px;\"><div class=\"fusion-text fusion-text-2\"><h2 style=\"text-align: center;\">Quelques r\u00e9alisations<\/h2>\n<\/div><div class=\"fusion-sep-clear\"><\/div><div class=\"fusion-separator fusion-full-width-sep\" style=\"margin-left: auto;margin-right: auto;width:100%;\"><\/div><div class=\"fusion-sep-clear\"><\/div><div class=\"fusion-clearfix\"><\/div><\/div><\/div><div class=\"fusion-layout-column fusion_builder_column fusion-builder-column-5 fusion_builder_column_1_4 1_4 fusion-one-fourth fusion-column-first fusion-column-inner-bg-wrapper fusion-column-liftup-border\" style=\"width:25%;width:calc(25% - ( ( 4% + 4% ) * 0.25 ) );margin-right: 4%;margin-top:0px;margin-bottom:20px;\"><div class=\"fusion-column-wrapper fusion-flex-column-wrapper-legacy\" style=\"padding: 0px 0px 0px 0px;\" data-bg-url=\"http:\/\/lebouterollier.com\/wp-content\/uploads\/2019\/05\/0001-IMG_2050.jpg\"><div class=\"fusion-clearfix\"><\/div><\/div><span class=\"fusion-column-inner-bg hover-type-liftup\"><a class=\"fusion-column-anchor\"><span class=\"fusion-column-inner-bg-image\" style=\"background-image: url(&#039;http:\/\/lebouterollier.com\/wp-content\/uploads\/2019\/05\/0001-IMG_2050.jpg&#039;);background-position:left top;background-repeat:no-repeat;-webkit-background-size:cover;-moz-background-size:cover;-o-background-size:cover;background-size:cover;\"><\/span><\/a><\/span><\/div><div class=\"fusion-layout-column fusion_builder_column fusion-builder-column-6 fusion_builder_column_1_4 1_4 fusion-one-fourth fusion-column-inner-bg-wrapper fusion-column-liftup-border\" style=\"width:25%;width:calc(25% - ( ( 4% + 4% ) * 0.25 ) );margin-right: 4%;margin-top:0px;margin-bottom:20px;\"><div class=\"fusion-column-wrapper fusion-flex-column-wrapper-legacy\" style=\"padding: 0px 0px 0px 0px;\" data-bg-url=\"http:\/\/lebouterollier.com\/wp-content\/uploads\/2019\/05\/0046-IMG_2099-e1556788611941.jpg\"><div class=\"fusion-clearfix\"><\/div><\/div><span class=\"fusion-column-inner-bg hover-type-liftup\"><a class=\"fusion-column-anchor\"><span class=\"fusion-column-inner-bg-image\" style=\"background-image: url(&#039;http:\/\/lebouterollier.com\/wp-content\/uploads\/2019\/05\/0046-IMG_2099-e1556788611941.jpg&#039;);background-position:left top;background-repeat:no-repeat;-webkit-background-size:cover;-moz-background-size:cover;-o-background-size:cover;background-size:cover;\"><\/span><\/a><\/span><\/div><div class=\"fusion-layout-column fusion_builder_column fusion-builder-column-7 fusion_builder_column_1_2 1_2 fusion-one-half fusion-column-last\" style=\"width:50%;width:calc(50% - ( ( 4% + 4% ) * 0.5 ) );margin-top:0px;margin-bottom:20px;\"><div class=\"fusion-column-wrapper fusion-flex-column-wrapper-legacy\" style=\"background-position:left top;background-repeat:no-repeat;-webkit-background-size:cover;-moz-background-size:cover;-o-background-size:cover;background-size:cover;padding: 0px 0px 0px 0px;\"><div class=\"fusion-text fusion-text-3\"><p>BMW R60 &#8211; 1960<\/p>\n<p>Entretien partie cycle et haut moteur<\/p>\n<ul>\n<li>R\u00e9fection haut moteur\n<ul>\n<li>M\u00e9trologie cylindre \/ piston<\/li>\n<li>Changement segmentation<\/li>\n<li>R\u00e9glage distribution<\/li>\n<li>Polissage cylindre<\/li>\n<\/ul>\n<\/li>\n<li>R\u00e9fection carburateur et r\u00e9glage carburation\n<ul>\n<li>Nettoyage aux ultrasons<\/li>\n<li>Changements joints, pointeaux, gicleurs, boisseau<\/li>\n<li>R\u00e9glage<\/li>\n<\/ul>\n<\/li>\n<li>Changement amortisseurs<\/li>\n<\/ul>\n<\/div><div class=\"fusion-clearfix\"><\/div><\/div><\/div><div class=\"fusion-layout-column fusion_builder_column fusion-builder-column-8 fusion_builder_column_1_1 1_1 fusion-one-full fusion-column-first fusion-column-last\" style=\"margin-top:0px;margin-bottom:20px;\"><div class=\"fusion-column-wrapper fusion-flex-column-wrapper-legacy\" style=\"background-position:left top;background-repeat:no-repeat;-webkit-background-size:cover;-moz-background-size:cover;-o-background-size:cover;background-size:cover;padding: 0px 0px 0px 0px;\"><div class=\"fusion-sep-clear\"><\/div><div class=\"fusion-separator fusion-full-width-sep\" style=\"margin-left: auto;margin-right: auto;width:100%;\"><div class=\"fusion-separator-border sep-double sep-solid\" style=\"border-color:#3e3e3e;border-top-width:1px;border-bottom-width:1px;\"><\/div><\/div><div class=\"fusion-sep-clear\"><\/div><div class=\"fusion-clearfix\"><\/div><\/div><\/div><div class=\"fusion-layout-column fusion_builder_column fusion-builder-column-9 fusion_builder_column_1_4 1_4 fusion-one-fourth fusion-column-first fusion-column-inner-bg-wrapper fusion-column-liftup-border\" style=\"width:25%;width:calc(25% - ( ( 4% + 4% ) * 0.25 ) );margin-right: 4%;margin-top:0px;margin-bottom:20px;\"><div class=\"fusion-column-wrapper fusion-flex-column-wrapper-legacy\" style=\"padding: 0px 0px 0px 0px;\" data-bg-url=\"http:\/\/lebouterollier.com\/wp-content\/uploads\/2019\/05\/0074-IMG_2291.jpg\"><div class=\"fusion-clearfix\"><\/div><\/div><span class=\"fusion-column-inner-bg hover-type-liftup\"><a class=\"fusion-column-anchor\"><span class=\"fusion-column-inner-bg-image\" style=\"background-image: url(&#039;http:\/\/lebouterollier.com\/wp-content\/uploads\/2019\/05\/0074-IMG_2291.jpg&#039;);background-position:left top;background-repeat:no-repeat;-webkit-background-size:cover;-moz-background-size:cover;-o-background-size:cover;background-size:cover;\"><\/span><\/a><\/span><\/div><div class=\"fusion-layout-column fusion_builder_column fusion-builder-column-10 fusion_builder_column_1_4 1_4 fusion-one-fourth fusion-column-inner-bg-wrapper fusion-column-liftup-border\" style=\"width:25%;width:calc(25% - ( ( 4% + 4% ) * 0.25 ) );margin-right: 4%;margin-top:0px;margin-bottom:20px;\"><div class=\"fusion-column-wrapper fusion-flex-column-wrapper-legacy\" style=\"padding: 0px 0px 0px 0px;\" data-bg-url=\"http:\/\/lebouterollier.com\/wp-content\/uploads\/2019\/05\/0065-IMG_3292-e1556788918994.jpg\"><div class=\"fusion-clearfix\"><\/div><\/div><span class=\"fusion-column-inner-bg hover-type-liftup\"><a class=\"fusion-column-anchor\"><span class=\"fusion-column-inner-bg-image\" style=\"background-image: url(&#039;http:\/\/lebouterollier.com\/wp-content\/uploads\/2019\/05\/0065-IMG_3292-e1556788918994.jpg&#039;);background-position:left top;background-repeat:no-repeat;-webkit-background-size:cover;-moz-background-size:cover;-o-background-size:cover;background-size:cover;\"><\/span><\/a><\/span><\/div><div class=\"fusion-layout-column fusion_builder_column fusion-builder-column-11 fusion_builder_column_1_2 1_2 fusion-one-half fusion-column-last\" style=\"width:50%;width:calc(50% - ( ( 4% + 4% ) * 0.5 ) );margin-top:0px;margin-bottom:20px;\"><div class=\"fusion-column-wrapper fusion-flex-column-wrapper-legacy\" style=\"background-position:left top;background-repeat:no-repeat;-webkit-background-size:cover;-moz-background-size:cover;-o-background-size:cover;background-size:cover;padding: 0px 0px 0px 0px;\"><div class=\"fusion-text fusion-text-4\"><p>Laverda 750 SF2 &#8211; 1973 <em>(Projet en cours)<\/em><\/p>\n<p>Remise \u00e0 l&rsquo;\u00e9tat d&rsquo;origine<\/p>\n<ul>\n<li>Partie cycle\n<ul>\n<li>Remise du train avant d&rsquo;origine<\/li>\n<li>Passage en peinture pour reprendre la teinte constructeur<\/li>\n<li>R\u00e9fection des compteurs<\/li>\n<li>R\u00e9fection du faisceau \u00e9lectrique<\/li>\n<\/ul>\n<\/li>\n<li>Moteur\n<ul>\n<li>D\u00e9montage int\u00e9gral pour r\u00e9fection<\/li>\n<\/ul>\n<\/li>\n<\/ul>\n<\/div><div class=\"fusion-clearfix\"><\/div><\/div><\/div><div class=\"fusion-layout-column fusion_builder_column fusion-builder-column-12 fusion_builder_column_1_1 1_1 fusion-one-full fusion-column-first fusion-column-last\" style=\"margin-top:0px;margin-bottom:20px;\"><div class=\"fusion-column-wrapper fusion-flex-column-wrapper-legacy\" style=\"background-position:left top;background-repeat:no-repeat;-webkit-background-size:cover;-moz-background-size:cover;-o-background-size:cover;background-size:cover;padding: 0px 0px 0px 0px;\"><div class=\"fusion-sep-clear\"><\/div><div class=\"fusion-separator fusion-full-width-sep\" style=\"margin-left: auto;margin-right: auto;width:100%;\"><div class=\"fusion-separator-border sep-double sep-solid\" style=\"border-color:#3e3e3e;border-top-width:1px;border-bottom-width:1px;\"><\/div><\/div><div class=\"fusion-sep-clear\"><\/div><div class=\"fusion-clearfix\"><\/div><\/div><\/div><div class=\"fusion-layout-column fusion_builder_column fusion-builder-column-13 fusion_builder_column_1_4 1_4 fusion-one-fourth fusion-column-first fusion-column-inner-bg-wrapper fusion-column-liftup-border\" style=\"width:25%;width:calc(25% - ( ( 4% + 4% ) * 0.25 ) );margin-right: 4%;margin-top:0px;margin-bottom:20px;\"><div class=\"fusion-column-wrapper fusion-flex-column-wrapper-legacy\" style=\"padding: 0px 0px 0px 0px;\" data-bg-url=\"http:\/\/lebouterollier.com\/wp-content\/uploads\/2019\/05\/0002-IMG_3843.jpg\"><div class=\"fusion-clearfix\"><\/div><\/div><span class=\"fusion-column-inner-bg hover-type-liftup\"><a class=\"fusion-column-anchor\"><span class=\"fusion-column-inner-bg-image\" style=\"background-image: url(&#039;http:\/\/lebouterollier.com\/wp-content\/uploads\/2019\/05\/0002-IMG_3843.jpg&#039;);background-position:left top;background-repeat:no-repeat;-webkit-background-size:cover;-moz-background-size:cover;-o-background-size:cover;background-size:cover;\"><\/span><\/a><\/span><\/div><div class=\"fusion-layout-column fusion_builder_column fusion-builder-column-14 fusion_builder_column_1_4 1_4 fusion-one-fourth fusion-column-inner-bg-wrapper fusion-column-liftup-border\" style=\"width:25%;width:calc(25% - ( ( 4% + 4% ) * 0.25 ) );margin-right: 4%;margin-top:0px;margin-bottom:20px;\"><div class=\"fusion-column-wrapper fusion-flex-column-wrapper-legacy\" style=\"padding: 0px 0px 0px 0px;\" data-bg-url=\"http:\/\/lebouterollier.com\/wp-content\/uploads\/2019\/05\/0013-IMG_3854.jpg\"><div class=\"fusion-clearfix\"><\/div><\/div><span class=\"fusion-column-inner-bg hover-type-liftup\"><a class=\"fusion-column-anchor\"><span class=\"fusion-column-inner-bg-image\" style=\"background-image: url(&#039;http:\/\/lebouterollier.com\/wp-content\/uploads\/2019\/05\/0013-IMG_3854.jpg&#039;);background-position:left top;background-repeat:no-repeat;-webkit-background-size:cover;-moz-background-size:cover;-o-background-size:cover;background-size:cover;\"><\/span><\/a><\/span><\/div><div class=\"fusion-layout-column fusion_builder_column fusion-builder-column-15 fusion_builder_column_1_2 1_2 fusion-one-half fusion-column-last\" style=\"width:50%;width:calc(50% - ( ( 4% + 4% ) * 0.5 ) );margin-top:0px;margin-bottom:20px;\"><div class=\"fusion-column-wrapper fusion-flex-column-wrapper-legacy\" style=\"background-position:left top;background-repeat:no-repeat;-webkit-background-size:cover;-moz-background-size:cover;-o-background-size:cover;background-size:cover;padding: 0px 0px 0px 0px;\"><div class=\"fusion-text fusion-text-5\"><p>Motob\u00e9cane RD45 &#8211; 1948 <em>(Projet en cours)<\/em><\/p>\n<p>Restauration \u00e0 l&rsquo;origine apr\u00e8s n&rsquo;avoir pas tourn\u00e9 pendant 60 ans.<\/p>\n<ul>\n<li>Restauration \u00e9tat concours\n<ul>\n<li>R\u00e9fection moteur<\/li>\n<li>R\u00e9fection partie cycle<\/li>\n<li>Mise en peinture de l&rsquo;ensemble de la moto<\/li>\n<li>R\u00e9fection de la sellerie<\/li>\n<\/ul>\n<\/li>\n<\/ul>\n<\/div><div class=\"fusion-clearfix\"><\/div><\/div><\/div><\/div><\/div><\/p>\n","protected":false},"excerpt":{"rendered":"","protected":false},"author":1,"featured_media":0,"parent":0,"menu_order":0,"comment_status":"closed","ping_status":"closed","template":"100-width.php","meta":[],"yoast_head":"<!-- This site is optimized with the Yoast SEO plugin v19.4 - https:\/\/yoast.com\/wordpress\/plugins\/seo\/ -->\n<title>Restauration motos anciennes - Atelier de r\u00e9novation et de pr\u00e9paration motos<\/title>\n<meta name=\"robots\" content=\"index, follow, max-snippet:-1, max-image-preview:large, max-video-preview:-1\" \/>\n<link rel=\"canonical\" href=\"https:\/\/lebouterollier.com\/index.php\/restauration-motos-anciennes\/\" \/>\n<meta property=\"og:locale\" content=\"fr_FR\" \/>\n<meta property=\"og:type\" content=\"article\" \/>\n<meta property=\"og:title\" content=\"Restauration motos anciennes - Atelier de r\u00e9novation et de pr\u00e9paration motos\" \/>\n<meta property=\"og:url\" content=\"https:\/\/lebouterollier.com\/index.php\/restauration-motos-anciennes\/\" \/>\n<meta property=\"og:site_name\" content=\"Atelier de r\u00e9novation et de pr\u00e9paration motos\" \/>\n<meta property=\"article:publisher\" content=\"https:\/\/www.facebook.com\/lebouterollier\/\" \/>\n<meta property=\"article:modified_time\" content=\"2019-05-31T17:32:11+00:00\" \/>\n<meta name=\"twitter:card\" content=\"summary_large_image\" \/>\n<meta name=\"twitter:label1\" content=\"Dur\u00e9e de lecture estim\u00e9e\" \/>\n\t<meta name=\"twitter:data1\" content=\"10 minutes\" \/>\n<script type=\"application\/ld+json\" class=\"yoast-schema-graph\">{\"@context\":\"https:\/\/schema.org\",\"@graph\":[{\"@type\":\"Organization\",\"@id\":\"https:\/\/lebouterollier.com\/#organization\",\"name\":\"LE BOUTEROLLIER\",\"url\":\"https:\/\/lebouterollier.com\/\",\"sameAs\":[\"https:\/\/www.instagram.com\/lebouterollier\/\",\"https:\/\/www.facebook.com\/lebouterollier\/\"],\"logo\":{\"@type\":\"ImageObject\",\"inLanguage\":\"fr-FR\",\"@id\":\"https:\/\/lebouterollier.com\/#\/schema\/logo\/image\/\",\"url\":\"http:\/\/lebouterollier.com\/wp-content\/uploads\/2019\/03\/bouterollier_logo.jpg\",\"contentUrl\":\"http:\/\/lebouterollier.com\/wp-content\/uploads\/2019\/03\/bouterollier_logo.jpg\",\"width\":1181,\"height\":1181,\"caption\":\"LE BOUTEROLLIER\"},\"image\":{\"@id\":\"https:\/\/lebouterollier.com\/#\/schema\/logo\/image\/\"}},{\"@type\":\"WebSite\",\"@id\":\"https:\/\/lebouterollier.com\/#website\",\"url\":\"https:\/\/lebouterollier.com\/\",\"name\":\"Atelier de r\u00e9novation et de pr\u00e9paration motos\",\"description\":\"Atelier de r\u00e9novation et de pr\u00e9paration motos\",\"publisher\":{\"@id\":\"https:\/\/lebouterollier.com\/#organization\"},\"potentialAction\":[{\"@type\":\"SearchAction\",\"target\":{\"@type\":\"EntryPoint\",\"urlTemplate\":\"https:\/\/lebouterollier.com\/?s={search_term_string}\"},\"query-input\":\"required name=search_term_string\"}],\"inLanguage\":\"fr-FR\"},{\"@type\":\"WebPage\",\"@id\":\"https:\/\/lebouterollier.com\/index.php\/restauration-motos-anciennes\/\",\"url\":\"https:\/\/lebouterollier.com\/index.php\/restauration-motos-anciennes\/\",\"name\":\"Restauration motos anciennes - Atelier de r\u00e9novation et de pr\u00e9paration motos\",\"isPartOf\":{\"@id\":\"https:\/\/lebouterollier.com\/#website\"},\"datePublished\":\"2019-03-01T12:48:41+00:00\",\"dateModified\":\"2019-05-31T17:32:11+00:00\",\"breadcrumb\":{\"@id\":\"https:\/\/lebouterollier.com\/index.php\/restauration-motos-anciennes\/#breadcrumb\"},\"inLanguage\":\"fr-FR\",\"potentialAction\":[{\"@type\":\"ReadAction\",\"target\":[\"https:\/\/lebouterollier.com\/index.php\/restauration-motos-anciennes\/\"]}]},{\"@type\":\"BreadcrumbList\",\"@id\":\"https:\/\/lebouterollier.com\/index.php\/restauration-motos-anciennes\/#breadcrumb\",\"itemListElement\":[{\"@type\":\"ListItem\",\"position\":1,\"name\":\"Accueil\",\"item\":\"https:\/\/lebouterollier.com\/\"},{\"@type\":\"ListItem\",\"position\":2,\"name\":\"Restauration motos anciennes\"}]}]}<\/script>\n<!-- \/ Yoast SEO plugin. -->","yoast_head_json":{"title":"Restauration motos anciennes - Atelier de r\u00e9novation et de pr\u00e9paration motos","robots":{"index":"index","follow":"follow","max-snippet":"max-snippet:-1","max-image-preview":"max-image-preview:large","max-video-preview":"max-video-preview:-1"},"canonical":"https:\/\/lebouterollier.com\/index.php\/restauration-motos-anciennes\/","og_locale":"fr_FR","og_type":"article","og_title":"Restauration motos anciennes - Atelier de r\u00e9novation et de pr\u00e9paration motos","og_url":"https:\/\/lebouterollier.com\/index.php\/restauration-motos-anciennes\/","og_site_name":"Atelier de r\u00e9novation et de pr\u00e9paration motos","article_publisher":"https:\/\/www.facebook.com\/lebouterollier\/","article_modified_time":"2019-05-31T17:32:11+00:00","twitter_card":"summary_large_image","twitter_misc":{"Dur\u00e9e de lecture estim\u00e9e":"10 minutes"},"schema":{"@context":"https:\/\/schema.org","@graph":[{"@type":"Organization","@id":"https:\/\/lebouterollier.com\/#organization","name":"LE BOUTEROLLIER","url":"https:\/\/lebouterollier.com\/","sameAs":["https:\/\/www.instagram.com\/lebouterollier\/","https:\/\/www.facebook.com\/lebouterollier\/"],"logo":{"@type":"ImageObject","inLanguage":"fr-FR","@id":"https:\/\/lebouterollier.com\/#\/schema\/logo\/image\/","url":"http:\/\/lebouterollier.com\/wp-content\/uploads\/2019\/03\/bouterollier_logo.jpg","contentUrl":"http:\/\/lebouterollier.com\/wp-content\/uploads\/2019\/03\/bouterollier_logo.jpg","width":1181,"height":1181,"caption":"LE BOUTEROLLIER"},"image":{"@id":"https:\/\/lebouterollier.com\/#\/schema\/logo\/image\/"}},{"@type":"WebSite","@id":"https:\/\/lebouterollier.com\/#website","url":"https:\/\/lebouterollier.com\/","name":"Atelier de r\u00e9novation et de pr\u00e9paration motos","description":"Atelier de r\u00e9novation et de pr\u00e9paration motos","publisher":{"@id":"https:\/\/lebouterollier.com\/#organization"},"potentialAction":[{"@type":"SearchAction","target":{"@type":"EntryPoint","urlTemplate":"https:\/\/lebouterollier.com\/?s={search_term_string}"},"query-input":"required name=search_term_string"}],"inLanguage":"fr-FR"},{"@type":"WebPage","@id":"https:\/\/lebouterollier.com\/index.php\/restauration-motos-anciennes\/","url":"https:\/\/lebouterollier.com\/index.php\/restauration-motos-anciennes\/","name":"Restauration motos anciennes - Atelier de r\u00e9novation et de pr\u00e9paration motos","isPartOf":{"@id":"https:\/\/lebouterollier.com\/#website"},"datePublished":"2019-03-01T12:48:41+00:00","dateModified":"2019-05-31T17:32:11+00:00","breadcrumb":{"@id":"https:\/\/lebouterollier.com\/index.php\/restauration-motos-anciennes\/#breadcrumb"},"inLanguage":"fr-FR","potentialAction":[{"@type":"ReadAction","target":["https:\/\/lebouterollier.com\/index.php\/restauration-motos-anciennes\/"]}]},{"@type":"BreadcrumbList","@id":"https:\/\/lebouterollier.com\/index.php\/restauration-motos-anciennes\/#breadcrumb","itemListElement":[{"@type":"ListItem","position":1,"name":"Accueil","item":"https:\/\/lebouterollier.com\/"},{"@type":"ListItem","position":2,"name":"Restauration motos anciennes"}]}]}},"_links":{"self":[{"href":"https:\/\/lebouterollier.com\/index.php\/wp-json\/wp\/v2\/pages\/906"}],"collection":[{"href":"https:\/\/lebouterollier.com\/index.php\/wp-json\/wp\/v2\/pages"}],"about":[{"href":"https:\/\/lebouterollier.com\/index.php\/wp-json\/wp\/v2\/types\/page"}],"author":[{"embeddable":true,"href":"https:\/\/lebouterollier.com\/index.php\/wp-json\/wp\/v2\/users\/1"}],"replies":[{"embeddable":true,"href":"https:\/\/lebouterollier.com\/index.php\/wp-json\/wp\/v2\/comments?post=906"}],"version-history":[{"count":11,"href":"https:\/\/lebouterollier.com\/index.php\/wp-json\/wp\/v2\/pages\/906\/revisions"}],"predecessor-version":[{"id":1276,"href":"https:\/\/lebouterollier.com\/index.php\/wp-json\/wp\/v2\/pages\/906\/revisions\/1276"}],"wp:attachment":[{"href":"https:\/\/lebouterollier.com\/index.php\/wp-json\/wp\/v2\/media?parent=906"}],"curies":[{"name":"wp","href":"https:\/\/api.w.org\/{rel}","templated":true}]}}